{"id":14604,"date":"2024-05-21T11:05:05","date_gmt":"2024-05-21T08:05:05","guid":{"rendered":"https:\/\/www.razor-labs.com\/empleo\/"},"modified":"2025-09-12T13:23:04","modified_gmt":"2025-09-12T10:23:04","slug":"empleo","status":"publish","type":"page","link":"https:\/\/www.razor-labs.com\/es\/empleo\/","title":{"rendered":"Empleo"},"content":{"rendered":"\t\t<div data-elementor-type=\"wp-page\" data-elementor-id=\"14604\" class=\"elementor elementor-14604 elementor-9877\" data-elementor-post-type=\"page\">\n\t\t\t\t\t\t<section class=\"elementor-section elementor-top-section elementor-element elementor-element-4782caa elementor-section-height-min-height elementor-section-items-bottom elementor-section-boxed elementor-section-height-default\" data-id=\"4782caa\" data-element_type=\"section\" data-e-type=\"section\" data-settings=\"{&quot;background_background&quot;:&quot;classic&quot;,&quot;background_image&quot;:{&quot;url&quot;:&quot;https:\\\/\\\/www.razor-labs.com\\\/wp-content\\\/uploads\\\/2024\\\/03\\\/5-2.png&quot;,&quot;id&quot;:8463,&quot;size&quot;:&quot;&quot;,&quot;alt&quot;:&quot;&quot;,&quot;source&quot;:&quot;library&quot;},&quot;jet_parallax_layout_list&quot;:[],&quot;background_image_tablet&quot;:{&quot;url&quot;:&quot;&quot;,&quot;id&quot;:&quot;&quot;,&quot;size&quot;:&quot;&quot;},&quot;background_image_mobile&quot;:{&quot;url&quot;:&quot;&quot;,&quot;id&quot;:&quot;&quot;,&quot;size&quot;:&quot;&quot;}}\">\n\t\t\t\t\t\t<div class=\"elementor-container elementor-column-gap-default\">\n\t\t\t\t\t<div class=\"elementor-column elementor-col-100 elementor-top-column elementor-element elementor-element-fba8b73\" data-id=\"fba8b73\" data-element_type=\"column\" data-e-type=\"column\">\n\t\t\t<div class=\"elementor-widget-wrap elementor-element-populated\">\n\t\t\t\t\t\t<div class=\"elementor-element elementor-element-fbd6488 elementor-widget elementor-widget-heading\" data-id=\"fbd6488\" data-element_type=\"widget\" data-e-type=\"widget\" data-widget_type=\"heading.default\">\n\t\t\t\t<div class=\"elementor-widget-container\">\n\t\t\t\t\t<h1 class=\"elementor-heading-title elementor-size-xxl\">\u00danete <br>a la familia<\/h1>\t\t\t\t<\/div>\n\t\t\t\t<\/div>\n\t\t\t\t<div class=\"elementor-element elementor-element-aa00f10 elementor-align-left elementor-widget elementor-widget-button\" data-id=\"aa00f10\" data-element_type=\"widget\" data-e-type=\"widget\" data-widget_type=\"button.default\">\n\t\t\t\t<div class=\"elementor-widget-container\">\n\t\t\t\t\t\t\t\t\t<div class=\"elementor-button-wrapper\">\n\t\t\t\t\t<a class=\"elementor-button elementor-button-link elementor-size-lg\" href=\"https:\/\/www.razor-labs.com\/es\/acerca-de\/\">\n\t\t\t\t\t\t<span class=\"elementor-button-content-wrapper\">\n\t\t\t\t\t\t\t\t\t<span class=\"elementor-button-text\">Sobre nosotros \u200e\u200f\u200f\u200e\u200e\u200f\u200f\u200e \u200e\u200f\u200f\u200e \u200e\u2192<\/span>\n\t\t\t\t\t<\/span>\n\t\t\t\t\t<\/a>\n\t\t\t\t<\/div>\n\t\t\t\t\t\t\t\t<\/div>\n\t\t\t\t<\/div>\n\t\t\t\t\t<\/div>\n\t\t<\/div>\n\t\t\t\t\t<\/div>\n\t\t<\/section>\n\t\t\t\t<section class=\"elementor-section elementor-top-section elementor-element elementor-element-dca5923 elementor-section-boxed elementor-section-height-default elementor-section-height-default\" data-id=\"dca5923\" data-element_type=\"section\" data-e-type=\"section\" data-settings=\"{&quot;jet_parallax_layout_list&quot;:[]}\">\n\t\t\t\t\t\t<div class=\"elementor-container elementor-column-gap-default\">\n\t\t\t\t\t<div class=\"elementor-column elementor-col-100 elementor-top-column elementor-element elementor-element-0991b21\" data-id=\"0991b21\" data-element_type=\"column\" data-e-type=\"column\">\n\t\t\t<div class=\"elementor-widget-wrap elementor-element-populated\">\n\t\t\t\t\t\t<div class=\"elementor-element elementor-element-72f2743 elementor-widget__width-initial elementor-widget elementor-widget-text-editor\" data-id=\"72f2743\" data-element_type=\"widget\" data-e-type=\"widget\" data-widget_type=\"text-editor.default\">\n\t\t\t\t<div class=\"elementor-widget-container\">\n\t\t\t\t\t\t\t\t\t<p><span style=\"font-weight: 400;\">\u00danete a Razor Labs, l\u00edder en el sector de la tecnolog\u00eda minera, especializada en el mantenimiento predictivo con nuestro producto estrella, DataMind AI\u2122. <\/span><span style=\"font-weight: 400;\">Nuestra tecnolog\u00eda de fusi\u00f3n de sensores de IA predice fallos en los equipos, mejorando la eficiencia operativa y la seguridad. <\/span><\/p><p><span style=\"font-weight: 400;\">Cotizamos en la Bolsa de Tel Aviv y tenemos una fuerte presencia en regiones mineras clave, como Australia y Sud\u00e1frica, donde nuestras soluciones han impulsado mejoras significativas.<\/span><\/p><p>Como parte de nuestro equipo, colaborar\u00e1s con las mentes m\u00e1s brillantes, abordando los problemas m\u00e1s complejos y dando forma al futuro de la tecnolog\u00eda industrial. Juntos, podemos construir industrias m\u00e1s inteligentes, ecol\u00f3gicas y seguras para el futuro. <\/p>\t\t\t\t\t\t\t\t<\/div>\n\t\t\t\t<\/div>\n\t\t\t\t<div class=\"elementor-element elementor-element-4483435 elementor-widget elementor-widget-spacer\" data-id=\"4483435\" data-element_type=\"widget\" data-e-type=\"widget\" data-widget_type=\"spacer.default\">\n\t\t\t\t<div class=\"elementor-widget-container\">\n\t\t\t\t\t\t\t<div class=\"elementor-spacer\">\n\t\t\t<div class=\"elementor-spacer-inner\"><\/div>\n\t\t<\/div>\n\t\t\t\t\t\t<\/div>\n\t\t\t\t<\/div>\n\t\t\t\t<div class=\"elementor-element elementor-element-f4b21c7 elementor-widget elementor-widget-heading\" data-id=\"f4b21c7\" data-element_type=\"widget\" data-e-type=\"widget\" data-widget_type=\"heading.default\">\n\t\t\t\t<div class=\"elementor-widget-container\">\n\t\t\t\t\t<h1 class=\"elementor-heading-title elementor-size-default\">Ofertas de empleo actuales<\/h1>\t\t\t\t<\/div>\n\t\t\t\t<\/div>\n\t\t\t\t<div class=\"elementor-element elementor-element-1c0408c elementor-widget elementor-widget-shortcode\" data-id=\"1c0408c\" data-element_type=\"widget\" data-e-type=\"widget\" data-widget_type=\"shortcode.default\">\n\t\t\t\t<div class=\"elementor-widget-container\">\n\t\t\t\t\t\t\t<div class=\"elementor-shortcode\">Array<div class=\"comeet-outer-wrapper\">\n    <div id=\"d\" class=\"comeet-groups-list\">\n\t\t\t<div class=\"comeet-g-r\">\n\t\t\t\t<div class=\"comeet-u-1-2\">\n\t\t\t\t\t<div class=\"comeet-list comeet-group-name\">\n\t\t\t\t\t\t<a href=\"https:\/\/www.razor-labs.com\/careers\/co\/colombia\/all\">Colombia<\/a>\t\t\t\t\t<\/div>\n\t\t\t\t<\/div>\n\t\t\t\t<div class=\"comeet-u-1-2\">\n\t\t\t\t\t<div class=\"comeet-list\">\n                        <ul class=\"comeet-positions-list\">\n\t\t\t\t\t\t                                        <li>\n                                            <a class=\"comeet-position\" href=\"\/\/www.razor-labs.com\/careers\/co\/colombia\/2D.A5F-4D.40D\/maintenance-reliability-engineer\/all\">\n                                                <div class=\"comeet-position-name\">\n                                                    <!--<a href=\"\/\/www.razor-labs.com\/careers\/co\/colombia\/2D.A5F-4D.40D\/maintenance-reliability-engineer\/all\">Maintenance \/ Reliability Engineer<\/a> -->\n                                                    Maintenance \/ Reliability Engineer                                                <\/div>\n                                                <div class=\"comeet-position-meta\">\n                                        Engineering  &middot;  Part-time                                                <\/div>\n                                            <\/a>\n                                        <\/li>\n                                                                <\/ul>\n\t\t\t\t\t<\/div>\n\t\t\t\t<\/div>\n\t\t\t<\/div>\n\t\t\t\t<div class=\"comeet-g-r\">\n\t\t\t\t<div class=\"comeet-u-1-2\">\n\t\t\t\t\t<div class=\"comeet-list comeet-group-name\">\n\t\t\t\t\t\t<a href=\"https:\/\/www.razor-labs.com\/careers\/co\/global\/all\">Global<\/a>\t\t\t\t\t<\/div>\n\t\t\t\t<\/div>\n\t\t\t\t<div class=\"comeet-u-1-2\">\n\t\t\t\t\t<div class=\"comeet-list\">\n                        <ul class=\"comeet-positions-list\">\n\t\t\t\t\t\t                                        <li>\n                                            <a class=\"comeet-position\" href=\"\/\/www.razor-labs.com\/careers\/co\/global\/2D.A5F\/maintenance-reliability-engineer\/all\">\n                                                <div class=\"comeet-position-name\">\n                                                    <!--<a href=\"\/\/www.razor-labs.com\/careers\/co\/global\/2D.A5F\/maintenance-reliability-engineer\/all\">Maintenance \/ Reliability Engineer<\/a> -->\n                                                    Maintenance \/ Reliability Engineer                                                <\/div>\n                                                <div class=\"comeet-position-meta\">\n                                        Engineering  &middot;  Part-time                                                <\/div>\n                                            <\/a>\n                                        <\/li>\n                                                                <\/ul>\n\t\t\t\t\t<\/div>\n\t\t\t\t<\/div>\n\t\t\t<\/div>\n\t\t\t\t<div class=\"comeet-g-r\">\n\t\t\t\t<div class=\"comeet-u-1-2\">\n\t\t\t\t\t<div class=\"comeet-list comeet-group-name\">\n\t\t\t\t\t\t<a href=\"https:\/\/www.razor-labs.com\/careers\/co\/johannesburg-south-africa\/all\">Johannesburg, South Africa<\/a>\t\t\t\t\t<\/div>\n\t\t\t\t<\/div>\n\t\t\t\t<div class=\"comeet-u-1-2\">\n\t\t\t\t\t<div class=\"comeet-list\">\n                        <ul class=\"comeet-positions-list\">\n\t\t\t\t\t\t                                        <li>\n                                            <a class=\"comeet-position\" href=\"\/\/www.razor-labs.com\/careers\/co\/johannesburg-south-africa\/C2.663\/implementation-customer-success-manager\/all\">\n                                                <div class=\"comeet-position-name\">\n                                                    <!--<a href=\"\/\/www.razor-labs.com\/careers\/co\/johannesburg-south-africa\/C2.663\/implementation-customer-success-manager\/all\">Implementation & Customer Success Manager<\/a> -->\n                                                    Implementation & Customer Success Manager                                                <\/div>\n                                                <div class=\"comeet-position-meta\">\n                                        Delivery  &middot;  Full-time                                                <\/div>\n                                            <\/a>\n                                        <\/li>\n                                                                <\/ul>\n\t\t\t\t\t<\/div>\n\t\t\t\t<\/div>\n\t\t\t<\/div>\n\t\t\t\t<div class=\"comeet-g-r\">\n\t\t\t\t<div class=\"comeet-u-1-2\">\n\t\t\t\t\t<div class=\"comeet-list comeet-group-name\">\n\t\t\t\t\t\t<a href=\"https:\/\/www.razor-labs.com\/careers\/co\/tel-aviv-israel\/all\">Tel Aviv, Israel<\/a>\t\t\t\t\t<\/div>\n\t\t\t\t<\/div>\n\t\t\t\t<div class=\"comeet-u-1-2\">\n\t\t\t\t\t<div class=\"comeet-list\">\n                        <ul class=\"comeet-positions-list\">\n\t\t\t\t\t\t                                        <li>\n                                            <a class=\"comeet-position\" href=\"\/\/www.razor-labs.com\/careers\/co\/tel-aviv-israel\/8F.665\/director-head-of-growth-marketing\/all\">\n                                                <div class=\"comeet-position-name\">\n                                                    <!--<a href=\"\/\/www.razor-labs.com\/careers\/co\/tel-aviv-israel\/8F.665\/director-head-of-growth-marketing\/all\">Director, Head of Growth Marketing<\/a> -->\n                                                    Director, Head of Growth Marketing                                                <\/div>\n                                                <div class=\"comeet-position-meta\">\n                                        Marketing  &middot;  Full-time                                                <\/div>\n                                            <\/a>\n                                        <\/li>\n                                                                                <li>\n                                            <a class=\"comeet-position\" href=\"\/\/www.razor-labs.com\/careers\/co\/tel-aviv-israel\/9D.740\/senior-backend-developer\/all\">\n                                                <div class=\"comeet-position-name\">\n                                                    <!--<a href=\"\/\/www.razor-labs.com\/careers\/co\/tel-aviv-israel\/9D.740\/senior-backend-developer\/all\">Senior Backend Developer<\/a> -->\n                                                    Senior Backend Developer                                                <\/div>\n                                                <div class=\"comeet-position-meta\">\n                                        Engineering  &middot;  Full-time                                                <\/div>\n                                            <\/a>\n                                        <\/li>\n                                                                <\/ul>\n\t\t\t\t\t<\/div>\n\t\t\t\t<\/div>\n\t\t\t<\/div>\n\t\t\t\t<div class=\"comeet-g-r\">\n\t\t\t\t<div class=\"comeet-u-1-2\">\n\t\t\t\t\t<div class=\"comeet-list comeet-group-name\">\n\t\t\t\t\t\t<a href=\"https:\/\/www.razor-labs.com\/careers\/co\/toronto-canada\/all\">Toronto, Canada<\/a>\t\t\t\t\t<\/div>\n\t\t\t\t<\/div>\n\t\t\t\t<div class=\"comeet-u-1-2\">\n\t\t\t\t\t<div class=\"comeet-list\">\n                        <ul class=\"comeet-positions-list\">\n\t\t\t\t\t\t                                        <li>\n                                            <a class=\"comeet-position\" href=\"\/\/www.razor-labs.com\/careers\/co\/toronto-canada\/2D.A5F-B3.30C\/maintenance-reliability-engineer\/all\">\n                                                <div class=\"comeet-position-name\">\n                                                    <!--<a href=\"\/\/www.razor-labs.com\/careers\/co\/toronto-canada\/2D.A5F-B3.30C\/maintenance-reliability-engineer\/all\">Maintenance \/ Reliability Engineer<\/a> -->\n                                                    Maintenance \/ Reliability Engineer                                                <\/div>\n                                                <div class=\"comeet-position-meta\">\n                                        Engineering  &middot;  Part-time                                                <\/div>\n                                            <\/a>\n                                        <\/li>\n                                                                <\/ul>\n\t\t\t\t\t<\/div>\n\t\t\t\t<\/div>\n\t\t\t<\/div>\n\t<\/div>\n<div class=\"comeet-social\">\n\t<script type=\"comeet-social\"><\/script>\n<\/div>\n<!--\nPlugin version data\n\nComeet Plugin version: 2.17.6\n\nend plugin version data\n-->\n\n<\/div>\n<\/div>\n\t\t\t\t\t\t<\/div>\n\t\t\t\t<\/div>\n\t\t\t\t<div class=\"elementor-element elementor-element-bc3a582 elementor-widget elementor-widget-spacer\" data-id=\"bc3a582\" data-element_type=\"widget\" data-e-type=\"widget\" data-widget_type=\"spacer.default\">\n\t\t\t\t<div class=\"elementor-widget-container\">\n\t\t\t\t\t\t\t<div class=\"elementor-spacer\">\n\t\t\t<div class=\"elementor-spacer-inner\"><\/div>\n\t\t<\/div>\n\t\t\t\t\t\t<\/div>\n\t\t\t\t<\/div>\n\t\t\t\t\t<\/div>\n\t\t<\/div>\n\t\t\t\t\t<\/div>\n\t\t<\/section>\n\t\t\t\t<\/div>\n\t\t","protected":false},"excerpt":{"rendered":"<p>\u00danete a la familia Sobre nosotros \u200e\u200f\u200f\u200e\u200e\u200f\u200f\u200e \u200e\u200f\u200f\u200e \u200e\u2192 \u00danete a Razor Labs, l\u00edder en el sector de la tecnolog\u00eda minera, especializada en el mantenimiento predictivo con nuestro producto estrella, DataMind AI&#x2122;. Nuestra tecnolog\u00eda de fusi\u00f3n de sensores de IA predice fallos en los equipos, mejorando la eficiencia operativa y la seguridad. Cotizamos en la [&hellip;]<\/p>\n","protected":false},"author":6,"featured_media":13609,"parent":0,"menu_order":0,"comment_status":"closed","ping_status":"closed","template":"","meta":{"_acf_changed":false,"footnotes":""},"class_list":["post-14604","page","type-page","status-publish","has-post-thumbnail","hentry"],"acf":[],"yoast_head":"<!-- This site is optimized with the Yoast SEO plugin v27.2 - https:\/\/yoast.com\/product\/yoast-seo-wordpress\/ -->\n<title>Empleo - Razor Labs<\/title>\n<meta name=\"description\" content=\"\u00danete a Razor Labs, l\u00edderes en la revoluci\u00f3n de la Industria 4.0. Potenciamos las industrias tradicionales con soluciones de IA y aprendizaje autom\u00e1tico de vanguardia, transformando los desaf\u00edos en oportunidades de crecimiento, eficiencia y sostenibilidad.\" \/>\n<meta name=\"robots\" content=\"index, follow, max-snippet:-1, max-image-preview:large, max-video-preview:-1\" \/>\n<link rel=\"canonical\" href=\"https:\/\/www.razor-labs.com\/es\/empleo\/\" \/>\n<meta property=\"og:locale\" content=\"es_ES\" \/>\n<meta property=\"og:type\" content=\"article\" \/>\n<meta property=\"og:title\" content=\"Empleo - Razor Labs\" \/>\n<meta property=\"og:description\" content=\"\u00danete a Razor Labs, l\u00edderes en la revoluci\u00f3n de la Industria 4.0. Potenciamos las industrias tradicionales con soluciones de IA y aprendizaje autom\u00e1tico de vanguardia, transformando los desaf\u00edos en oportunidades de crecimiento, eficiencia y sostenibilidad.\" \/>\n<meta property=\"og:url\" content=\"https:\/\/www.razor-labs.com\/es\/empleo\/\" \/>\n<meta property=\"og:site_name\" content=\"Razor Labs\" \/>\n<meta property=\"article:publisher\" content=\"https:\/\/www.facebook.com\/RazorLabsTeam\" \/>\n<meta property=\"article:modified_time\" content=\"2025-09-12T10:23:04+00:00\" \/>\n<meta property=\"og:image\" content=\"https:\/\/www.razor-labs.com\/wp-content\/uploads\/2024\/03\/5-2.png\" \/>\n\t<meta property=\"og:image:width\" content=\"2240\" \/>\n\t<meta property=\"og:image:height\" content=\"1260\" \/>\n\t<meta property=\"og:image:type\" content=\"image\/png\" \/>\n<meta name=\"twitter:card\" content=\"summary_large_image\" \/>\n<meta name=\"twitter:label1\" content=\"Tiempo de lectura\" \/>\n\t<meta name=\"twitter:data1\" content=\"1 minuto\" \/>\n<script type=\"application\/ld+json\" class=\"yoast-schema-graph\">{\"@context\":\"https:\/\/schema.org\",\"@graph\":[{\"@type\":\"WebPage\",\"@id\":\"https:\/\/www.razor-labs.com\/es\/empleo\/\",\"url\":\"https:\/\/www.razor-labs.com\/es\/empleo\/\",\"name\":\"Empleo - Razor Labs\",\"isPartOf\":{\"@id\":\"https:\/\/www.razor-labs.com\/es\/#website\"},\"primaryImageOfPage\":{\"@id\":\"https:\/\/www.razor-labs.com\/es\/empleo\/#primaryimage\"},\"image\":{\"@id\":\"https:\/\/www.razor-labs.com\/es\/empleo\/#primaryimage\"},\"thumbnailUrl\":\"https:\/\/www.razor-labs.com\/wp-content\/uploads\/2024\/03\/5-2.png\",\"datePublished\":\"2024-05-21T08:05:05+00:00\",\"dateModified\":\"2025-09-12T10:23:04+00:00\",\"description\":\"\u00danete a Razor Labs, l\u00edderes en la revoluci\u00f3n de la Industria 4.0. Potenciamos las industrias tradicionales con soluciones de IA y aprendizaje autom\u00e1tico de vanguardia, transformando los desaf\u00edos en oportunidades de crecimiento, eficiencia y sostenibilidad.\",\"breadcrumb\":{\"@id\":\"https:\/\/www.razor-labs.com\/es\/empleo\/#breadcrumb\"},\"inLanguage\":\"es\",\"potentialAction\":[{\"@type\":\"ReadAction\",\"target\":[\"https:\/\/www.razor-labs.com\/es\/empleo\/\"]}]},{\"@type\":\"ImageObject\",\"inLanguage\":\"es\",\"@id\":\"https:\/\/www.razor-labs.com\/es\/empleo\/#primaryimage\",\"url\":\"https:\/\/www.razor-labs.com\/wp-content\/uploads\/2024\/03\/5-2.png\",\"contentUrl\":\"https:\/\/www.razor-labs.com\/wp-content\/uploads\/2024\/03\/5-2.png\",\"width\":2240,\"height\":1260},{\"@type\":\"BreadcrumbList\",\"@id\":\"https:\/\/www.razor-labs.com\/es\/empleo\/#breadcrumb\",\"itemListElement\":[{\"@type\":\"ListItem\",\"position\":1,\"name\":\"Home\",\"item\":\"https:\/\/www.razor-labs.com\/es\/\"},{\"@type\":\"ListItem\",\"position\":2,\"name\":\"Empleo\"}]},{\"@type\":\"WebSite\",\"@id\":\"https:\/\/www.razor-labs.com\/es\/#website\",\"url\":\"https:\/\/www.razor-labs.com\/es\/\",\"name\":\"Razor Labs\",\"description\":\"Making Machines Smarter\",\"publisher\":{\"@id\":\"https:\/\/www.razor-labs.com\/es\/#organization\"},\"potentialAction\":[{\"@type\":\"SearchAction\",\"target\":{\"@type\":\"EntryPoint\",\"urlTemplate\":\"https:\/\/www.razor-labs.com\/es\/?s={search_term_string}\"},\"query-input\":{\"@type\":\"PropertyValueSpecification\",\"valueRequired\":true,\"valueName\":\"search_term_string\"}}],\"inLanguage\":\"es\"},{\"@type\":\"Organization\",\"@id\":\"https:\/\/www.razor-labs.com\/es\/#organization\",\"name\":\"Razor Labs\",\"url\":\"https:\/\/www.razor-labs.com\/es\/\",\"logo\":{\"@type\":\"ImageObject\",\"inLanguage\":\"es\",\"@id\":\"https:\/\/www.razor-labs.com\/es\/#\/schema\/logo\/image\/\",\"url\":\"https:\/\/www.razor-labs.com\/wp-content\/uploads\/2021\/12\/RL-Logo@0.12x.png\",\"contentUrl\":\"https:\/\/www.razor-labs.com\/wp-content\/uploads\/2021\/12\/RL-Logo@0.12x.png\",\"width\":612,\"height\":208,\"caption\":\"Razor Labs\"},\"image\":{\"@id\":\"https:\/\/www.razor-labs.com\/es\/#\/schema\/logo\/image\/\"},\"sameAs\":[\"https:\/\/www.facebook.com\/RazorLabsTeam\",\"https:\/\/www.linkedin.com\/company\/razor-technologies-inc\"]}]}<\/script>\n<!-- \/ Yoast SEO plugin. -->","yoast_head_json":{"title":"Empleo - Razor Labs","description":"\u00danete a Razor Labs, l\u00edderes en la revoluci\u00f3n de la Industria 4.0. Potenciamos las industrias tradicionales con soluciones de IA y aprendizaje autom\u00e1tico de vanguardia, transformando los desaf\u00edos en oportunidades de crecimiento, eficiencia y sostenibilidad.","robots":{"index":"index","follow":"follow","max-snippet":"max-snippet:-1","max-image-preview":"max-image-preview:large","max-video-preview":"max-video-preview:-1"},"canonical":"https:\/\/www.razor-labs.com\/es\/empleo\/","og_locale":"es_ES","og_type":"article","og_title":"Empleo - Razor Labs","og_description":"\u00danete a Razor Labs, l\u00edderes en la revoluci\u00f3n de la Industria 4.0. Potenciamos las industrias tradicionales con soluciones de IA y aprendizaje autom\u00e1tico de vanguardia, transformando los desaf\u00edos en oportunidades de crecimiento, eficiencia y sostenibilidad.","og_url":"https:\/\/www.razor-labs.com\/es\/empleo\/","og_site_name":"Razor Labs","article_publisher":"https:\/\/www.facebook.com\/RazorLabsTeam","article_modified_time":"2025-09-12T10:23:04+00:00","og_image":[{"width":2240,"height":1260,"url":"https:\/\/www.razor-labs.com\/wp-content\/uploads\/2024\/03\/5-2.png","type":"image\/png"}],"twitter_card":"summary_large_image","twitter_misc":{"Tiempo de lectura":"1 minuto"},"schema":{"@context":"https:\/\/schema.org","@graph":[{"@type":"WebPage","@id":"https:\/\/www.razor-labs.com\/es\/empleo\/","url":"https:\/\/www.razor-labs.com\/es\/empleo\/","name":"Empleo - Razor Labs","isPartOf":{"@id":"https:\/\/www.razor-labs.com\/es\/#website"},"primaryImageOfPage":{"@id":"https:\/\/www.razor-labs.com\/es\/empleo\/#primaryimage"},"image":{"@id":"https:\/\/www.razor-labs.com\/es\/empleo\/#primaryimage"},"thumbnailUrl":"https:\/\/www.razor-labs.com\/wp-content\/uploads\/2024\/03\/5-2.png","datePublished":"2024-05-21T08:05:05+00:00","dateModified":"2025-09-12T10:23:04+00:00","description":"\u00danete a Razor Labs, l\u00edderes en la revoluci\u00f3n de la Industria 4.0. Potenciamos las industrias tradicionales con soluciones de IA y aprendizaje autom\u00e1tico de vanguardia, transformando los desaf\u00edos en oportunidades de crecimiento, eficiencia y sostenibilidad.","breadcrumb":{"@id":"https:\/\/www.razor-labs.com\/es\/empleo\/#breadcrumb"},"inLanguage":"es","potentialAction":[{"@type":"ReadAction","target":["https:\/\/www.razor-labs.com\/es\/empleo\/"]}]},{"@type":"ImageObject","inLanguage":"es","@id":"https:\/\/www.razor-labs.com\/es\/empleo\/#primaryimage","url":"https:\/\/www.razor-labs.com\/wp-content\/uploads\/2024\/03\/5-2.png","contentUrl":"https:\/\/www.razor-labs.com\/wp-content\/uploads\/2024\/03\/5-2.png","width":2240,"height":1260},{"@type":"BreadcrumbList","@id":"https:\/\/www.razor-labs.com\/es\/empleo\/#breadcrumb","itemListElement":[{"@type":"ListItem","position":1,"name":"Home","item":"https:\/\/www.razor-labs.com\/es\/"},{"@type":"ListItem","position":2,"name":"Empleo"}]},{"@type":"WebSite","@id":"https:\/\/www.razor-labs.com\/es\/#website","url":"https:\/\/www.razor-labs.com\/es\/","name":"Razor Labs","description":"Making Machines Smarter","publisher":{"@id":"https:\/\/www.razor-labs.com\/es\/#organization"},"potentialAction":[{"@type":"SearchAction","target":{"@type":"EntryPoint","urlTemplate":"https:\/\/www.razor-labs.com\/es\/?s={search_term_string}"},"query-input":{"@type":"PropertyValueSpecification","valueRequired":true,"valueName":"search_term_string"}}],"inLanguage":"es"},{"@type":"Organization","@id":"https:\/\/www.razor-labs.com\/es\/#organization","name":"Razor Labs","url":"https:\/\/www.razor-labs.com\/es\/","logo":{"@type":"ImageObject","inLanguage":"es","@id":"https:\/\/www.razor-labs.com\/es\/#\/schema\/logo\/image\/","url":"https:\/\/www.razor-labs.com\/wp-content\/uploads\/2021\/12\/RL-Logo@0.12x.png","contentUrl":"https:\/\/www.razor-labs.com\/wp-content\/uploads\/2021\/12\/RL-Logo@0.12x.png","width":612,"height":208,"caption":"Razor Labs"},"image":{"@id":"https:\/\/www.razor-labs.com\/es\/#\/schema\/logo\/image\/"},"sameAs":["https:\/\/www.facebook.com\/RazorLabsTeam","https:\/\/www.linkedin.com\/company\/razor-technologies-inc"]}]}},"_links":{"self":[{"href":"https:\/\/www.razor-labs.com\/es\/wp-json\/wp\/v2\/pages\/14604","targetHints":{"allow":["GET"]}}],"collection":[{"href":"https:\/\/www.razor-labs.com\/es\/wp-json\/wp\/v2\/pages"}],"about":[{"href":"https:\/\/www.razor-labs.com\/es\/wp-json\/wp\/v2\/types\/page"}],"author":[{"embeddable":true,"href":"https:\/\/www.razor-labs.com\/es\/wp-json\/wp\/v2\/users\/6"}],"replies":[{"embeddable":true,"href":"https:\/\/www.razor-labs.com\/es\/wp-json\/wp\/v2\/comments?post=14604"}],"version-history":[{"count":3,"href":"https:\/\/www.razor-labs.com\/es\/wp-json\/wp\/v2\/pages\/14604\/revisions"}],"predecessor-version":[{"id":14607,"href":"https:\/\/www.razor-labs.com\/es\/wp-json\/wp\/v2\/pages\/14604\/revisions\/14607"}],"wp:featuredmedia":[{"embeddable":true,"href":"https:\/\/www.razor-labs.com\/es\/wp-json\/wp\/v2\/media\/13609"}],"wp:attachment":[{"href":"https:\/\/www.razor-labs.com\/es\/wp-json\/wp\/v2\/media?parent=14604"}],"curies":[{"name":"wp","href":"https:\/\/api.w.org\/{rel}","templated":true}]}}