{"id":14613,"date":"2024-04-04T04:19:12","date_gmt":"2024-04-04T01:19:12","guid":{"rendered":"https:\/\/www.razor-labs.com\/noticias\/"},"modified":"2025-09-12T13:27:08","modified_gmt":"2025-09-12T10:27:08","slug":"noticias","status":"publish","type":"page","link":"https:\/\/www.razor-labs.com\/es\/noticias\/","title":{"rendered":"Noticias"},"content":{"rendered":"\t\t<div data-elementor-type=\"wp-page\" data-elementor-id=\"14613\" class=\"elementor elementor-14613 elementor-9187\" data-elementor-post-type=\"page\">\n\t\t\t\t\t\t<section class=\"elementor-section elementor-top-section elementor-element elementor-element-0ba4bce elementor-section-full_width exclude-resources-submenu elementor-hidden-desktop elementor-hidden-tablet elementor-hidden-mobile elementor-section-height-default elementor-section-height-default\" data-id=\"0ba4bce\" data-element_type=\"section\" data-e-type=\"section\" data-settings=\"{&quot;jet_parallax_layout_list&quot;:[]}\">\n\t\t\t\t\t\t<div class=\"elementor-container elementor-column-gap-no\">\n\t\t\t\t\t<div class=\"elementor-column elementor-col-100 elementor-top-column elementor-element elementor-element-000346f\" data-id=\"000346f\" data-element_type=\"column\" data-e-type=\"column\">\n\t\t\t<div class=\"elementor-widget-wrap elementor-element-populated\">\n\t\t\t\t\t\t\t<\/div>\n\t\t<\/div>\n\t\t\t\t\t<\/div>\n\t\t<\/section>\n\t\t\t\t<section class=\"elementor-section elementor-top-section elementor-element elementor-element-17200f1 elementor-section-full_width all-featured-stories elementor-section-height-default elementor-section-height-default\" data-id=\"17200f1\" data-element_type=\"section\" data-e-type=\"section\" data-settings=\"{&quot;jet_parallax_layout_list&quot;:[]}\">\n\t\t\t\t\t\t<div class=\"elementor-container elementor-column-gap-no\">\n\t\t\t\t\t<div class=\"elementor-column elementor-col-100 elementor-top-column elementor-element elementor-element-9fcb4d9\" data-id=\"9fcb4d9\" data-element_type=\"column\" data-e-type=\"column\">\n\t\t\t<div class=\"elementor-widget-wrap elementor-element-populated\">\n\t\t\t\t\t\t<div class=\"elementor-element elementor-element-34a60ea elementor-widget elementor-widget-heading\" data-id=\"34a60ea\" data-element_type=\"widget\" data-e-type=\"widget\" data-widget_type=\"heading.default\">\n\t\t\t\t<div class=\"elementor-widget-container\">\n\t\t\t\t\t<h2 class=\"elementor-heading-title elementor-size-default\">\u00daltimas noticias<\/h2>\t\t\t\t<\/div>\n\t\t\t\t<\/div>\n\t\t\t\t<div class=\"elementor-element elementor-element-6f7facc all-featured-stories-block ee-grid-align--stretch ee-posts-avatar-position-left elementor-widget elementor-widget-posts-extra\" data-id=\"6f7facc\" data-element_type=\"widget\" data-e-type=\"widget\" data-settings=\"{&quot;carousel_slides_per_view&quot;:&quot;2&quot;,&quot;carousel_slides_per_column&quot;:&quot;1&quot;,&quot;carousel_slides_to_scroll&quot;:&quot;1&quot;,&quot;carousel_grid_columns_spacing&quot;:{&quot;unit&quot;:&quot;px&quot;,&quot;size&quot;:50,&quot;sizes&quot;:[]},&quot;carousel_direction&quot;:&quot;horizontal&quot;,&quot;carousel_direction_tablet&quot;:&quot;horizontal&quot;,&quot;carousel_direction_mobile&quot;:&quot;horizontal&quot;,&quot;carousel_grid_columns_spacing_tablet&quot;:{&quot;unit&quot;:&quot;px&quot;,&quot;size&quot;:12,&quot;sizes&quot;:[]},&quot;carousel_grid_columns_spacing_mobile&quot;:{&quot;unit&quot;:&quot;px&quot;,&quot;size&quot;:0,&quot;sizes&quot;:[]},&quot;carousel_effect&quot;:&quot;slide&quot;,&quot;carousel_speed&quot;:{&quot;unit&quot;:&quot;px&quot;,&quot;size&quot;:300,&quot;sizes&quot;:[]},&quot;carousel_resistance_ratio&quot;:{&quot;unit&quot;:&quot;px&quot;,&quot;size&quot;:0.25,&quot;sizes&quot;:[]},&quot;carousel_arrows&quot;:&quot;on&quot;}\" data-widget_type=\"posts-extra.carousel\">\n\t\t\t\t<div class=\"elementor-widget-container\">\n\t\t\t\t\t<div class=\"ee-posts__nothing-found\">It seems we can't find what you're looking for.<\/div>\t\t\t\t<\/div>\n\t\t\t\t<\/div>\n\t\t\t\t<div class=\"elementor-element elementor-element-4c8c104 elementor-widget elementor-widget-html\" data-id=\"4c8c104\" data-element_type=\"widget\" data-e-type=\"widget\" data-widget_type=\"html.default\">\n\t\t\t\t<div class=\"elementor-widget-container\">\n\t\t\t\t\t<script>\nwindow.addEventListener('DOMContentLoaded', function() {\n    if (document.querySelector('.all-featured-stories-block')) {\n        var grid = document.querySelector('.ee-grid');\n        if (grid.querySelector('.ee-grid__item')) {\n            var items = grid.querySelectorAll('.ee-grid__item');\n            var lastItem = items[items.length - 1].cloneNode(true);\n            grid.appendChild(lastItem);\n            lastItem.style.opacity = '0';\n        }\n    }\n});\n\ndocument.addEventListener('DOMContentLoaded', function() {\n    function updateStyles(delay) {\n        setTimeout(function() {\n            var prevArrow = document.querySelector('.ee-arrow--prev');\n            var rect = prevArrow.getBoundingClientRect();\n            var elementUnderPrevArrow = document.elementFromPoint(rect.left - prevArrow.offsetWidth*2, rect.top - prevArrow.offsetHeight*2);\n\n            var parentItem = elementUnderPrevArrow.closest('.ee-grid__item');\n            var gridItems = document.querySelectorAll('.all-featured-stories-block .ee-grid__item');\n\n            gridItems.forEach(function(item) {\n                if (item !== parentItem) {\n                    item.style.opacity = '0.3';\n                }\n            });\n            if (parentItem) {\n            parentItem.style.opacity = '1';\n            }\n\n            var lastItem = gridItems[gridItems.length - 1];\n            lastItem.style.opacity = '0';\n        }, delay);\n    }\n    updateStyles(500);\n    \n    updateStyles(3000);\n\n    document.querySelector('.ee-arrow--prev').addEventListener('click', function() {\n        updateStyles(250);\n    });\n    document.querySelector('.ee-arrow--next').addEventListener('click', function() {\n        updateStyles(250);\n    });\n    document.querySelector('.all-featured-stories-block').addEventListener('mousedown', function() {\n        updateStyles(250);\n    });\n    document.querySelector('.all-featured-stories-block').addEventListener('mouseup', function() {\n        updateStyles(250);\n    });\n    document.querySelector('.all-featured-stories-block').addEventListener('click', function() {\n        updateStyles(250);\n    });\n    document.querySelector('.all-featured-stories-block').addEventListener('dblclick', function() {\n        updateStyles(250);\n    });\n    document.querySelector('.all-featured-stories-block').addEventListener('contextmenu', function() {\n        updateStyles(250);\n    });\n});\n\n    function clickNextArrow() {\n        var nextArrow = document.querySelector('.ee-arrow--next');\n        if (nextArrow) {\n            nextArrow.click();\n        }\n    }\n    var featureButtons = document.querySelectorAll('.features-stories-right');\n    featureButtons.forEach(function(button) {\n        button.addEventListener('click', function() {\n            clickNextArrow();\n        });\n    });\n    \n    function clickPrevArrow() {\n        var prevArrow = document.querySelector('.ee-arrow--prev');\n        if (prevArrow) {\n            prevArrow.click();\n        }\n    }\n    var leftFeatureButtons = document.querySelectorAll('.features-stories-left');\n    leftFeatureButtons.forEach(function(button) {\n        button.addEventListener('click', function() {\n            clickPrevArrow();\n        })\n    })\n<\/script>\n<style>\n    .ee-swiper__container{\n        display: block!important;\n    }\n<\/style>\n\t\t\t\t<\/div>\n\t\t\t\t<\/div>\n\t\t\t\t\t<\/div>\n\t\t<\/div>\n\t\t\t\t\t<\/div>\n\t\t<\/section>\n\t\t\t\t<section class=\"elementor-section elementor-top-section elementor-element elementor-element-e90fb34 elementor-section-full_width latest-news-block elementor-section-height-default elementor-section-height-default\" data-id=\"e90fb34\" data-element_type=\"section\" data-e-type=\"section\" data-settings=\"{&quot;jet_parallax_layout_list&quot;:[]}\">\n\t\t\t\t\t\t<div class=\"elementor-container elementor-column-gap-no\">\n\t\t\t\t\t<div class=\"elementor-column elementor-col-100 elementor-top-column elementor-element elementor-element-d193960\" data-id=\"d193960\" data-element_type=\"column\" data-e-type=\"column\">\n\t\t\t<div class=\"elementor-widget-wrap elementor-element-populated\">\n\t\t\t\t\t\t<div class=\"elementor-element elementor-element-ded35bb elementor-widget elementor-widget-heading\" data-id=\"ded35bb\" data-element_type=\"widget\" data-e-type=\"widget\" data-widget_type=\"heading.default\">\n\t\t\t\t<div class=\"elementor-widget-container\">\n\t\t\t\t\t<h2 class=\"elementor-heading-title elementor-size-default\">Todas las noticias<\/h2>\t\t\t\t<\/div>\n\t\t\t\t<\/div>\n\t\t\t\t<div class=\"elementor-element elementor-element-6b349bf ee-grid-align--stretch ee-posts-avatar-position-left elementor-widget elementor-widget-posts-extra\" data-id=\"6b349bf\" data-element_type=\"widget\" data-e-type=\"widget\" data-settings=\"{&quot;carousel_slides_per_view&quot;:&quot;3&quot;,&quot;carousel_slides_per_view_tablet&quot;:&quot;2&quot;,&quot;carousel_slides_per_column&quot;:&quot;1&quot;,&quot;carousel_slides_to_scroll&quot;:&quot;3&quot;,&quot;carousel_grid_columns_spacing&quot;:{&quot;unit&quot;:&quot;px&quot;,&quot;size&quot;:30,&quot;sizes&quot;:[]},&quot;carousel_grid_columns_spacing_tablet&quot;:{&quot;unit&quot;:&quot;px&quot;,&quot;size&quot;:50,&quot;sizes&quot;:[]},&quot;carousel_pagination_position&quot;:&quot;outside&quot;,&quot;carousel_slides_per_view_mobile&quot;:&quot;1&quot;,&quot;carousel_slides_to_scroll_tablet&quot;:&quot;2&quot;,&quot;carousel_slides_to_scroll_mobile&quot;:&quot;1&quot;,&quot;carousel_pagination_type&quot;:&quot;fraction&quot;,&quot;carousel_direction&quot;:&quot;horizontal&quot;,&quot;carousel_direction_tablet&quot;:&quot;horizontal&quot;,&quot;carousel_direction_mobile&quot;:&quot;horizontal&quot;,&quot;carousel_grid_columns_spacing_mobile&quot;:{&quot;unit&quot;:&quot;px&quot;,&quot;size&quot;:0,&quot;sizes&quot;:[]},&quot;carousel_effect&quot;:&quot;slide&quot;,&quot;carousel_speed&quot;:{&quot;unit&quot;:&quot;px&quot;,&quot;size&quot;:300,&quot;sizes&quot;:[]},&quot;carousel_resistance_ratio&quot;:{&quot;unit&quot;:&quot;px&quot;,&quot;size&quot;:0.25,&quot;sizes&quot;:[]},&quot;carousel_arrows&quot;:&quot;on&quot;,&quot;carousel_pagination&quot;:&quot;on&quot;}\" data-widget_type=\"posts-extra.carousel\">\n\t\t\t\t<div class=\"elementor-widget-container\">\n\t\t\t\t\t<div class=\"ee-posts__nothing-found\">It seems we can't find what you're looking for.<\/div>\t\t\t\t<\/div>\n\t\t\t\t<\/div>\n\t\t\t\t\t<\/div>\n\t\t<\/div>\n\t\t\t\t\t<\/div>\n\t\t<\/section>\n\t\t\t\t<section class=\"elementor-section elementor-top-section elementor-element elementor-element-e171832 elementor-section-full_width elementor-section-height-default elementor-section-height-default\" data-id=\"e171832\" data-element_type=\"section\" data-e-type=\"section\" data-settings=\"{&quot;jet_parallax_layout_list&quot;:[]}\">\n\t\t\t\t\t\t<div class=\"elementor-container elementor-column-gap-no\">\n\t\t\t\t\t<div class=\"elementor-column elementor-col-100 elementor-top-column elementor-element elementor-element-00c0c98\" data-id=\"00c0c98\" data-element_type=\"column\" data-e-type=\"column\">\n\t\t\t<div class=\"elementor-widget-wrap elementor-element-populated\">\n\t\t\t\t\t\t\t<\/div>\n\t\t<\/div>\n\t\t\t\t\t<\/div>\n\t\t<\/section>\n\t\t\t\t<section class=\"elementor-section elementor-top-section elementor-element elementor-element-77334f4 elementor-section-full_width elementor-section-height-default elementor-section-height-default\" data-id=\"77334f4\" data-element_type=\"section\" data-e-type=\"section\" data-settings=\"{&quot;jet_parallax_layout_list&quot;:[]}\">\n\t\t\t\t\t\t<div class=\"elementor-container elementor-column-gap-no\">\n\t\t\t\t\t<div class=\"elementor-column elementor-col-50 elementor-top-column elementor-element elementor-element-12a7dc9\" data-id=\"12a7dc9\" data-element_type=\"column\" data-e-type=\"column\">\n\t\t\t<div class=\"elementor-widget-wrap elementor-element-populated\">\n\t\t\t\t\t\t<div class=\"elementor-element elementor-element-89886b5 elementor-widget elementor-widget-heading\" data-id=\"89886b5\" data-element_type=\"widget\" data-e-type=\"widget\" data-widget_type=\"heading.default\">\n\t\t\t\t<div class=\"elementor-widget-container\">\n\t\t\t\t\t<h2 class=\"elementor-heading-title elementor-size-default\">Contacto de prensa<\/h2>\t\t\t\t<\/div>\n\t\t\t\t<\/div>\n\t\t\t\t<div class=\"elementor-element elementor-element-43d0eaa elementor-widget elementor-widget-text-editor\" data-id=\"43d0eaa\" data-element_type=\"widget\" data-e-type=\"widget\" data-widget_type=\"text-editor.default\">\n\t\t\t\t<div class=\"elementor-widget-container\">\n\t\t\t\t\t\t\t\t\t<p>Para informaci\u00f3n y consultas de prensa, p\u00f3ngase en contacto con:<\/p><p><a href=\"mailto:press@www.razor-labs.com\"><span style=\"color: #6f67f3;\">press@www.razor-labs.com<\/span><\/a><\/p>\t\t\t\t\t\t\t\t<\/div>\n\t\t\t\t<\/div>\n\t\t\t\t\t<\/div>\n\t\t<\/div>\n\t\t\t\t<div class=\"elementor-column elementor-col-50 elementor-top-column elementor-element elementor-element-bd19a61\" data-id=\"bd19a61\" data-element_type=\"column\" data-e-type=\"column\">\n\t\t\t<div class=\"elementor-widget-wrap elementor-element-populated\">\n\t\t\t\t\t\t<div class=\"elementor-element elementor-element-7c32ff4 elementor-widget elementor-widget-heading\" data-id=\"7c32ff4\" data-element_type=\"widget\" data-e-type=\"widget\" data-widget_type=\"heading.default\">\n\t\t\t\t<div class=\"elementor-widget-container\">\n\t\t\t\t\t<h2 class=\"elementor-heading-title elementor-size-default\">Contacto general<\/h2>\t\t\t\t<\/div>\n\t\t\t\t<\/div>\n\t\t\t\t<div class=\"elementor-element elementor-element-23695fb elementor-widget elementor-widget-text-editor\" data-id=\"23695fb\" data-element_type=\"widget\" data-e-type=\"widget\" data-widget_type=\"text-editor.default\">\n\t\t\t\t<div class=\"elementor-widget-container\">\n\t\t\t\t\t\t\t\t\t<p>Env\u00ede sugerencias, preguntas o conozca mejor nuestro trabajo.<\/p><p><span style=\"color: #6f67f3;\"><a style=\"color: #6f67f3;\" href=\"mailto:info@www.razor-labs.com\"><span style=\"font-weight: 400;\">info@www.razor-labs.com<\/span><\/a><\/span><\/p>\t\t\t\t\t\t\t\t<\/div>\n\t\t\t\t<\/div>\n\t\t\t\t\t<\/div>\n\t\t<\/div>\n\t\t\t\t\t<\/div>\n\t\t<\/section>\n\t\t\t\t<\/div>\n\t\t","protected":false},"excerpt":{"rendered":"<p>\u00daltimas noticias It seems we can&#8217;t find what you&#8217;re looking for. Todas las noticias It seems we can&#8217;t find what you&#8217;re looking for. Contacto de prensa Para informaci\u00f3n y consultas de prensa, p\u00f3ngase en contacto con: press@www.razor-labs.com Contacto general Env\u00ede sugerencias, preguntas o conozca mejor nuestro trabajo. info@www.razor-labs.com<\/p>\n","protected":false},"author":7,"featured_media":0,"parent":0,"menu_order":0,"comment_status":"closed","ping_status":"closed","template":"","meta":{"_acf_changed":false,"footnotes":""},"class_list":["post-14613","page","type-page","status-publish","hentry"],"acf":[],"yoast_head":"<!-- This site is optimized with the Yoast SEO plugin v27.2 - https:\/\/yoast.com\/product\/yoast-seo-wordpress\/ -->\n<title>Noticias - Razor Labs<\/title>\n<meta name=\"robots\" content=\"index, follow, max-snippet:-1, max-image-preview:large, max-video-preview:-1\" \/>\n<link rel=\"canonical\" href=\"https:\/\/www.razor-labs.com\/es\/noticias\/\" \/>\n<meta property=\"og:locale\" content=\"es_ES\" \/>\n<meta property=\"og:type\" content=\"article\" \/>\n<meta property=\"og:title\" content=\"Noticias - Razor Labs\" \/>\n<meta property=\"og:description\" content=\"\u00daltimas noticias It seems we can&#8217;t find what you&#8217;re looking for. Todas las noticias It seems we can&#8217;t find what you&#8217;re looking for. Contacto de prensa Para informaci\u00f3n y consultas de prensa, p\u00f3ngase en contacto con: press@www.razor-labs.com Contacto general Env\u00ede sugerencias, preguntas o conozca mejor nuestro trabajo. info@www.razor-labs.com\" \/>\n<meta property=\"og:url\" content=\"https:\/\/www.razor-labs.com\/es\/noticias\/\" \/>\n<meta property=\"og:site_name\" content=\"Razor Labs\" \/>\n<meta property=\"article:publisher\" content=\"https:\/\/www.facebook.com\/RazorLabsTeam\" \/>\n<meta property=\"article:modified_time\" content=\"2025-09-12T10:27:08+00:00\" \/>\n<meta name=\"twitter:card\" content=\"summary_large_image\" \/>\n<script type=\"application\/ld+json\" class=\"yoast-schema-graph\">{\"@context\":\"https:\/\/schema.org\",\"@graph\":[{\"@type\":\"WebPage\",\"@id\":\"https:\/\/www.razor-labs.com\/es\/noticias\/\",\"url\":\"https:\/\/www.razor-labs.com\/es\/noticias\/\",\"name\":\"Noticias - Razor Labs\",\"isPartOf\":{\"@id\":\"https:\/\/www.razor-labs.com\/es\/#website\"},\"datePublished\":\"2024-04-04T01:19:12+00:00\",\"dateModified\":\"2025-09-12T10:27:08+00:00\",\"breadcrumb\":{\"@id\":\"https:\/\/www.razor-labs.com\/es\/noticias\/#breadcrumb\"},\"inLanguage\":\"es\",\"potentialAction\":[{\"@type\":\"ReadAction\",\"target\":[\"https:\/\/www.razor-labs.com\/es\/noticias\/\"]}]},{\"@type\":\"BreadcrumbList\",\"@id\":\"https:\/\/www.razor-labs.com\/es\/noticias\/#breadcrumb\",\"itemListElement\":[{\"@type\":\"ListItem\",\"position\":1,\"name\":\"Home\",\"item\":\"https:\/\/www.razor-labs.com\/es\/\"},{\"@type\":\"ListItem\",\"position\":2,\"name\":\"Noticias\"}]},{\"@type\":\"WebSite\",\"@id\":\"https:\/\/www.razor-labs.com\/es\/#website\",\"url\":\"https:\/\/www.razor-labs.com\/es\/\",\"name\":\"Razor Labs\",\"description\":\"Making Machines Smarter\",\"publisher\":{\"@id\":\"https:\/\/www.razor-labs.com\/es\/#organization\"},\"potentialAction\":[{\"@type\":\"SearchAction\",\"target\":{\"@type\":\"EntryPoint\",\"urlTemplate\":\"https:\/\/www.razor-labs.com\/es\/?s={search_term_string}\"},\"query-input\":{\"@type\":\"PropertyValueSpecification\",\"valueRequired\":true,\"valueName\":\"search_term_string\"}}],\"inLanguage\":\"es\"},{\"@type\":\"Organization\",\"@id\":\"https:\/\/www.razor-labs.com\/es\/#organization\",\"name\":\"Razor Labs\",\"url\":\"https:\/\/www.razor-labs.com\/es\/\",\"logo\":{\"@type\":\"ImageObject\",\"inLanguage\":\"es\",\"@id\":\"https:\/\/www.razor-labs.com\/es\/#\/schema\/logo\/image\/\",\"url\":\"https:\/\/www.razor-labs.com\/wp-content\/uploads\/2021\/12\/RL-Logo@0.12x.png\",\"contentUrl\":\"https:\/\/www.razor-labs.com\/wp-content\/uploads\/2021\/12\/RL-Logo@0.12x.png\",\"width\":612,\"height\":208,\"caption\":\"Razor Labs\"},\"image\":{\"@id\":\"https:\/\/www.razor-labs.com\/es\/#\/schema\/logo\/image\/\"},\"sameAs\":[\"https:\/\/www.facebook.com\/RazorLabsTeam\",\"https:\/\/www.linkedin.com\/company\/razor-technologies-inc\"]}]}<\/script>\n<!-- \/ Yoast SEO plugin. -->","yoast_head_json":{"title":"Noticias - Razor Labs","robots":{"index":"index","follow":"follow","max-snippet":"max-snippet:-1","max-image-preview":"max-image-preview:large","max-video-preview":"max-video-preview:-1"},"canonical":"https:\/\/www.razor-labs.com\/es\/noticias\/","og_locale":"es_ES","og_type":"article","og_title":"Noticias - Razor Labs","og_description":"\u00daltimas noticias It seems we can&#8217;t find what you&#8217;re looking for. Todas las noticias It seems we can&#8217;t find what you&#8217;re looking for. Contacto de prensa Para informaci\u00f3n y consultas de prensa, p\u00f3ngase en contacto con: press@www.razor-labs.com Contacto general Env\u00ede sugerencias, preguntas o conozca mejor nuestro trabajo. info@www.razor-labs.com","og_url":"https:\/\/www.razor-labs.com\/es\/noticias\/","og_site_name":"Razor Labs","article_publisher":"https:\/\/www.facebook.com\/RazorLabsTeam","article_modified_time":"2025-09-12T10:27:08+00:00","twitter_card":"summary_large_image","schema":{"@context":"https:\/\/schema.org","@graph":[{"@type":"WebPage","@id":"https:\/\/www.razor-labs.com\/es\/noticias\/","url":"https:\/\/www.razor-labs.com\/es\/noticias\/","name":"Noticias - Razor Labs","isPartOf":{"@id":"https:\/\/www.razor-labs.com\/es\/#website"},"datePublished":"2024-04-04T01:19:12+00:00","dateModified":"2025-09-12T10:27:08+00:00","breadcrumb":{"@id":"https:\/\/www.razor-labs.com\/es\/noticias\/#breadcrumb"},"inLanguage":"es","potentialAction":[{"@type":"ReadAction","target":["https:\/\/www.razor-labs.com\/es\/noticias\/"]}]},{"@type":"BreadcrumbList","@id":"https:\/\/www.razor-labs.com\/es\/noticias\/#breadcrumb","itemListElement":[{"@type":"ListItem","position":1,"name":"Home","item":"https:\/\/www.razor-labs.com\/es\/"},{"@type":"ListItem","position":2,"name":"Noticias"}]},{"@type":"WebSite","@id":"https:\/\/www.razor-labs.com\/es\/#website","url":"https:\/\/www.razor-labs.com\/es\/","name":"Razor Labs","description":"Making Machines Smarter","publisher":{"@id":"https:\/\/www.razor-labs.com\/es\/#organization"},"potentialAction":[{"@type":"SearchAction","target":{"@type":"EntryPoint","urlTemplate":"https:\/\/www.razor-labs.com\/es\/?s={search_term_string}"},"query-input":{"@type":"PropertyValueSpecification","valueRequired":true,"valueName":"search_term_string"}}],"inLanguage":"es"},{"@type":"Organization","@id":"https:\/\/www.razor-labs.com\/es\/#organization","name":"Razor Labs","url":"https:\/\/www.razor-labs.com\/es\/","logo":{"@type":"ImageObject","inLanguage":"es","@id":"https:\/\/www.razor-labs.com\/es\/#\/schema\/logo\/image\/","url":"https:\/\/www.razor-labs.com\/wp-content\/uploads\/2021\/12\/RL-Logo@0.12x.png","contentUrl":"https:\/\/www.razor-labs.com\/wp-content\/uploads\/2021\/12\/RL-Logo@0.12x.png","width":612,"height":208,"caption":"Razor Labs"},"image":{"@id":"https:\/\/www.razor-labs.com\/es\/#\/schema\/logo\/image\/"},"sameAs":["https:\/\/www.facebook.com\/RazorLabsTeam","https:\/\/www.linkedin.com\/company\/razor-technologies-inc"]}]}},"_links":{"self":[{"href":"https:\/\/www.razor-labs.com\/es\/wp-json\/wp\/v2\/pages\/14613","targetHints":{"allow":["GET"]}}],"collection":[{"href":"https:\/\/www.razor-labs.com\/es\/wp-json\/wp\/v2\/pages"}],"about":[{"href":"https:\/\/www.razor-labs.com\/es\/wp-json\/wp\/v2\/types\/page"}],"author":[{"embeddable":true,"href":"https:\/\/www.razor-labs.com\/es\/wp-json\/wp\/v2\/users\/7"}],"replies":[{"embeddable":true,"href":"https:\/\/www.razor-labs.com\/es\/wp-json\/wp\/v2\/comments?post=14613"}],"version-history":[{"count":1,"href":"https:\/\/www.razor-labs.com\/es\/wp-json\/wp\/v2\/pages\/14613\/revisions"}],"predecessor-version":[{"id":14614,"href":"https:\/\/www.razor-labs.com\/es\/wp-json\/wp\/v2\/pages\/14613\/revisions\/14614"}],"wp:attachment":[{"href":"https:\/\/www.razor-labs.com\/es\/wp-json\/wp\/v2\/media?parent=14613"}],"curies":[{"name":"wp","href":"https:\/\/api.w.org\/{rel}","templated":true}]}}