{"id":14622,"date":"2023-08-02T08:25:53","date_gmt":"2023-08-02T05:25:53","guid":{"rendered":"https:\/\/www.razor-labs.com\/programar-una-demostracion\/"},"modified":"2025-11-19T10:31:22","modified_gmt":"2025-11-19T08:31:22","slug":"programar-una-demostracion","status":"publish","type":"page","link":"https:\/\/www.razor-labs.com\/es\/programar-una-demostracion\/","title":{"rendered":"Programar una demostraci\u00f3n"},"content":{"rendered":"\t\t<div data-elementor-type=\"wp-page\" data-elementor-id=\"14622\" class=\"elementor elementor-14622 elementor-7565\" data-elementor-post-type=\"page\">\n\t\t\t\t\t\t<section class=\"elementor-section elementor-top-section elementor-element elementor-element-73342b43 popup_contact elementor-section-boxed elementor-section-height-default elementor-section-height-default\" data-id=\"73342b43\" data-element_type=\"section\" data-e-type=\"section\" data-settings=\"{&quot;background_background&quot;:&quot;classic&quot;,&quot;jet_parallax_layout_list&quot;:[],&quot;background_image&quot;:{&quot;url&quot;:&quot;&quot;,&quot;id&quot;:&quot;&quot;,&quot;size&quot;:&quot;&quot;}}\">\n\t\t\t\t\t\t\t<div class=\"elementor-background-overlay\"><\/div>\n\t\t\t\t\t\t\t<div class=\"elementor-container elementor-column-gap-default\">\n\t\t\t\t\t<div class=\"elementor-column elementor-col-50 elementor-top-column elementor-element elementor-element-127353b1\" data-id=\"127353b1\" data-element_type=\"column\" data-e-type=\"column\">\n\t\t\t<div class=\"elementor-widget-wrap elementor-element-populated\">\n\t\t\t\t\t\t<section class=\"elementor-section elementor-inner-section elementor-element elementor-element-42ee5dd elementor-section-boxed elementor-section-height-default elementor-section-height-default\" data-id=\"42ee5dd\" data-element_type=\"section\" data-e-type=\"section\" data-settings=\"{&quot;jet_parallax_layout_list&quot;:[]}\">\n\t\t\t\t\t\t<div class=\"elementor-container elementor-column-gap-default\">\n\t\t\t\t\t<div class=\"elementor-column elementor-col-100 elementor-inner-column elementor-element elementor-element-21c7371f\" data-id=\"21c7371f\" data-element_type=\"column\" data-e-type=\"column\">\n\t\t\t<div class=\"elementor-widget-wrap elementor-element-populated\">\n\t\t\t\t\t\t<div class=\"elementor-element elementor-element-51cb82b6 elementor-widget__width-auto elementor-widget elementor-widget-heading\" data-id=\"51cb82b6\" data-element_type=\"widget\" data-e-type=\"widget\" data-widget_type=\"heading.default\">\n\t\t\t\t<div class=\"elementor-widget-container\">\n\t\t\t\t\t<div class=\"elementor-heading-title elementor-size-default\">Ver<\/div>\t\t\t\t<\/div>\n\t\t\t\t<\/div>\n\t\t\t\t<div class=\"elementor-element elementor-element-4ada2c05 elementor-widget__width-auto elementor-widget elementor-widget-image\" data-id=\"4ada2c05\" data-element_type=\"widget\" data-e-type=\"widget\" data-widget_type=\"image.default\">\n\t\t\t\t<div class=\"elementor-widget-container\">\n\t\t\t\t\t\t\t\t\t\t\t\t\t\t\t<img decoding=\"async\" width=\"212\" height=\"38\" src=\"https:\/\/www.razor-labs.com\/wp-content\/uploads\/2021\/06\/logo.png\" class=\"attachment-large size-large wp-image-13075\" alt=\"\" \/>\t\t\t\t\t\t\t\t\t\t\t\t\t\t\t<\/div>\n\t\t\t\t<\/div>\n\t\t\t\t<div class=\"elementor-element elementor-element-1c097410 elementor-widget__width-auto elementor-widget elementor-widget-heading\" data-id=\"1c097410\" data-element_type=\"widget\" data-e-type=\"widget\" data-widget_type=\"heading.default\">\n\t\t\t\t<div class=\"elementor-widget-container\">\n\t\t\t\t\t<div class=\"elementor-heading-title elementor-size-default\">en acci\u00f3n<\/div>\t\t\t\t<\/div>\n\t\t\t\t<\/div>\n\t\t\t\t\t<\/div>\n\t\t<\/div>\n\t\t\t\t\t<\/div>\n\t\t<\/section>\n\t\t\t\t\t<\/div>\n\t\t<\/div>\n\t\t\t\t<div class=\"elementor-column elementor-col-50 elementor-top-column elementor-element elementor-element-3c17954f\" data-id=\"3c17954f\" data-element_type=\"column\" data-e-type=\"column\">\n\t\t\t<div class=\"elementor-widget-wrap elementor-element-populated\">\n\t\t\t\t\t\t<div class=\"elementor-element elementor-element-66e44aff elementor-widget elementor-widget-heading\" data-id=\"66e44aff\" data-element_type=\"widget\" data-e-type=\"widget\" data-widget_type=\"heading.default\">\n\t\t\t\t<div class=\"elementor-widget-container\">\n\t\t\t\t\t<div class=\"elementor-heading-title elementor-size-xl\">Programar una demostraci\u00f3n<\/div>\t\t\t\t<\/div>\n\t\t\t\t<\/div>\n\t\t\t\t<div class=\"elementor-element elementor-element-5ff7f64d elementor-button-align-end elementor-widget elementor-widget-form\" data-id=\"5ff7f64d\" data-element_type=\"widget\" data-e-type=\"widget\" data-settings=\"{&quot;step_next_label&quot;:&quot;Siguiente&quot;,&quot;step_previous_label&quot;:&quot;Anterior&quot;,&quot;button_width&quot;:&quot;100&quot;,&quot;step_type&quot;:&quot;number_text&quot;,&quot;step_icon_shape&quot;:&quot;circle&quot;}\" data-widget_type=\"form.default\">\n\t\t\t\t<div class=\"elementor-widget-container\">\n\t\t\t\t\t\t\t<form class=\"elementor-form\" method=\"post\" name=\"Formulario de contacto\" aria-label=\"Formulario de contacto\">\n\t\t\t<input type=\"hidden\" name=\"post_id\" value=\"14622\"\/>\n\t\t\t<input type=\"hidden\" name=\"form_id\" value=\"5ff7f64d\"\/>\n\t\t\t<input type=\"hidden\" name=\"referer_title\" value=\"Razor Labs\" \/>\n\n\t\t\t\n\t\t\t<div class=\"elementor-form-fields-wrapper elementor-labels-\">\n\t\t\t\t\t\t\t\t<div class=\"elementor-field-type-text elementor-field-group elementor-column elementor-field-group-name elementor-col-50 elementor-field-required\">\n\t\t\t\t\t\t\t\t\t\t\t\t<label for=\"form-field-name\" class=\"elementor-field-label elementor-screen-only\">\n\t\t\t\t\t\t\t\tNombre\t\t\t\t\t\t\t<\/label>\n\t\t\t\t\t\t\t\t\t\t\t\t\t\t<input size=\"1\" type=\"text\" name=\"form_fields[name]\" id=\"form-field-name\" class=\"elementor-field elementor-size-sm  elementor-field-textual\" placeholder=\"Nombre completo*\" required=\"required\">\n\t\t\t\t\t\t\t\t\t\t\t<\/div>\n\t\t\t\t\t\t\t\t<div class=\"elementor-field-type-text elementor-field-group elementor-column elementor-field-group-field_4b24e27 elementor-col-50 elementor-field-required\">\n\t\t\t\t\t\t\t\t\t\t\t\t<label for=\"form-field-field_4b24e27\" class=\"elementor-field-label elementor-screen-only\">\n\t\t\t\t\t\t\t\tCargo\t\t\t\t\t\t\t<\/label>\n\t\t\t\t\t\t\t\t\t\t\t\t\t\t<input size=\"1\" type=\"text\" name=\"form_fields[field_4b24e27]\" id=\"form-field-field_4b24e27\" class=\"elementor-field elementor-size-sm  elementor-field-textual\" placeholder=\"Cargo*\" required=\"required\">\n\t\t\t\t\t\t\t\t\t\t\t<\/div>\n\t\t\t\t\t\t\t\t<div class=\"elementor-field-type-email elementor-field-group elementor-column elementor-field-group-email elementor-col-50 elementor-field-required\">\n\t\t\t\t\t\t\t\t\t\t\t\t<label for=\"form-field-email\" class=\"elementor-field-label elementor-screen-only\">\n\t\t\t\t\t\t\t\tEmail de empresa \t\t\t\t\t\t\t<\/label>\n\t\t\t\t\t\t\t\t\t\t\t\t\t\t<input size=\"1\" type=\"email\" name=\"form_fields[email]\" id=\"form-field-email\" class=\"elementor-field elementor-size-sm  elementor-field-textual\" placeholder=\"Correo electr\u00f3nico profesional*\" required=\"required\">\n\t\t\t\t\t\t\t\t\t\t\t<\/div>\n\t\t\t\t\t\t\t\t<div class=\"elementor-field-type-tel elementor-field-group elementor-column elementor-field-group-field_092dc8c elementor-col-50 elementor-field-required\">\n\t\t\t\t\t\t\t\t\t\t\t\t<label for=\"form-field-field_092dc8c\" class=\"elementor-field-label elementor-screen-only\">\n\t\t\t\t\t\t\t\tN\u00famero de tel\u00e9fono \t\t\t\t\t\t\t<\/label>\n\t\t\t\t\t\t\t\t<input size=\"1\" type=\"tel\" name=\"form_fields[field_092dc8c]\" id=\"form-field-field_092dc8c\" class=\"elementor-field elementor-size-sm  elementor-field-textual\" placeholder=\"N\u00famero de tel\u00e9fono*\" required=\"required\" pattern=\"[0-9()#&amp;+*-=.]+\" title=\"Solo se aceptan n\u00fameros y caracteres de tel\u00e9fono (#,-,*,etc).\">\n\n\t\t\t\t\t\t<\/div>\n\t\t\t\t\t\t\t\t<div class=\"elementor-field-type-text elementor-field-group elementor-column elementor-field-group-field_8fbb584 elementor-col-50 elementor-field-required\">\n\t\t\t\t\t\t\t\t\t\t\t\t<label for=\"form-field-field_8fbb584\" class=\"elementor-field-label elementor-screen-only\">\n\t\t\t\t\t\t\t\tEmpresa\t\t\t\t\t\t\t<\/label>\n\t\t\t\t\t\t\t\t\t\t\t\t\t\t<input size=\"1\" type=\"text\" name=\"form_fields[field_8fbb584]\" id=\"form-field-field_8fbb584\" class=\"elementor-field elementor-size-sm  elementor-field-textual\" placeholder=\"Empresa*\" required=\"required\">\n\t\t\t\t\t\t\t\t\t\t\t<\/div>\n\t\t\t\t\t\t\t\t<div class=\"elementor-field-type-text elementor-field-group elementor-column elementor-field-group-field_6cab730 elementor-col-50\">\n\t\t\t\t\t\t\t\t\t\t\t\t<label for=\"form-field-field_6cab730\" class=\"elementor-field-label elementor-screen-only\">\n\t\t\t\t\t\t\t\tComentarios\t\t\t\t\t\t\t<\/label>\n\t\t\t\t\t\t\t\t\t\t\t\t\t\t<input size=\"1\" type=\"text\" name=\"form_fields[field_6cab730]\" id=\"form-field-field_6cab730\" class=\"elementor-field elementor-size-sm  elementor-field-textual\" placeholder=\"Comentarios\">\n\t\t\t\t\t\t\t\t\t\t\t<\/div>\n\t\t\t\t\t\t\t\t<div class=\"elementor-field-type-acceptance elementor-field-group elementor-column elementor-field-group-field_d71d9ec elementor-col-100 elementor-field-required\">\n\t\t\t\t\t\t\t\t\t\t\t\t<label for=\"form-field-field_d71d9ec\" class=\"elementor-field-label elementor-screen-only\">\n\t\t\t\t\t\t\t\tConsentimiento\t\t\t\t\t\t\t<\/label>\n\t\t\t\t\t\t\t\t<div class=\"elementor-field-subgroup\">\n\t\t\t<span class=\"elementor-field-option\">\n\t\t\t\t<input type=\"checkbox\" name=\"form_fields[field_d71d9ec]\" id=\"form-field-field_d71d9ec\" class=\"elementor-field elementor-size-sm  elementor-acceptance-field\" required=\"required\">\n\t\t\t\t<label for=\"form-field-field_d71d9ec\">Doy mi consentimiento para el uso de mis datos personales de acuerdo con la Pol\u00edtica de privacidad de Razor Labs. Puede cancelar la suscripci\u00f3n a los correos electr\u00f3nicos en cualquier momento. <\/label>\t\t\t<\/span>\n\t\t<\/div>\n\t\t\t\t\t\t<\/div>\n\t\t\t\t\t\t\t\t<div class=\"elementor-field-type-text\">\n\t\t\t\t\t<input size=\"1\" type=\"text\" name=\"form_fields[field_7095447]\" id=\"form-field-field_7095447\" class=\"elementor-field elementor-size-sm \" style=\"display:none !important;\">\t\t\t\t<\/div>\n\t\t\t\t\t\t\t\t<div class=\"elementor-field-type-recaptcha_v3 elementor-field-group elementor-column elementor-field-group-field_6380092 elementor-col-100 recaptcha_v3-bottomleft\">\n\t\t\t\t\t<div class=\"elementor-field\" id=\"form-field-field_6380092\"><div class=\"elementor-g-recaptcha\" data-sitekey=\"6LfuzuwlAAAAAHIvWDn8gNEMCjE1wRyqSFp6mqRe\" data-type=\"v3\" data-action=\"Form\" data-badge=\"bottomleft\" data-size=\"invisible\"><\/div><\/div>\t\t\t\t<\/div>\n\t\t\t\t\t\t\t\t<div class=\"elementor-field-group elementor-column elementor-field-type-submit elementor-col-100 e-form__buttons\">\n\t\t\t\t\t<button class=\"elementor-button elementor-size-sm\" type=\"submit\">\n\t\t\t\t\t\t<span class=\"elementor-button-content-wrapper\">\n\t\t\t\t\t\t\t\t\t\t\t\t\t\t\t<span class=\"elementor-button-icon\">\n\t\t\t\t\t\t\t\t\t<i aria-hidden=\"true\" class=\"fas fa-arrow-right\"><\/i>\t\t\t\t\t\t\t\t\t\t\t\t\t\t\t\t\t<\/span>\n\t\t\t\t\t\t\t\t\t\t\t\t\t\t\t\t\t\t\t\t\t\t<span class=\"elementor-button-text\">ENVIAR<\/span>\n\t\t\t\t\t\t\t\t\t\t\t\t\t<\/span>\n\t\t\t\t\t<\/button>\n\t\t\t\t<\/div>\n\t\t\t<\/div>\n\t\t<\/form>\n\t\t\t\t\t\t<\/div>\n\t\t\t\t<\/div>\n\t\t\t\t\t<\/div>\n\t\t<\/div>\n\t\t\t\t\t<\/div>\n\t\t<\/section>\n\t\t\t\t<\/div>\n\t\t","protected":false},"excerpt":{"rendered":"<p>Ver en acci\u00f3n Programar una demostraci\u00f3n<\/p>\n","protected":false},"author":1,"featured_media":0,"parent":0,"menu_order":0,"comment_status":"closed","ping_status":"closed","template":"elementor_header_footer","meta":{"_acf_changed":false,"footnotes":""},"class_list":["post-14622","page","type-page","status-publish","hentry"],"acf":[],"yoast_head":"<!-- This site is optimized with the Yoast SEO plugin v27.2 - https:\/\/yoast.com\/product\/yoast-seo-wordpress\/ -->\n<title>Programar una demostraci\u00f3n - Razor Labs<\/title>\n<meta name=\"robots\" content=\"index, follow, max-snippet:-1, max-image-preview:large, max-video-preview:-1\" \/>\n<link rel=\"canonical\" href=\"https:\/\/www.razor-labs.com\/es\/programar-una-demostracion\/\" \/>\n<meta property=\"og:locale\" content=\"es_ES\" \/>\n<meta property=\"og:type\" content=\"article\" \/>\n<meta property=\"og:title\" content=\"Programar una demostraci\u00f3n - Razor Labs\" \/>\n<meta property=\"og:description\" content=\"Ver en acci\u00f3n Programar una demostraci\u00f3n\" \/>\n<meta property=\"og:url\" content=\"https:\/\/www.razor-labs.com\/es\/programar-una-demostracion\/\" \/>\n<meta property=\"og:site_name\" content=\"Razor Labs\" \/>\n<meta property=\"article:publisher\" content=\"https:\/\/www.facebook.com\/RazorLabsTeam\" \/>\n<meta property=\"article:modified_time\" content=\"2025-11-19T08:31:22+00:00\" \/>\n<meta property=\"og:image\" content=\"https:\/\/www.razor-labs.com\/wp-content\/uploads\/2021\/06\/logo.png\" \/>\n<meta name=\"twitter:card\" content=\"summary_large_image\" \/>\n<meta name=\"twitter:label1\" content=\"Tiempo de lectura\" \/>\n\t<meta name=\"twitter:data1\" content=\"1 minuto\" \/>\n<script type=\"application\/ld+json\" class=\"yoast-schema-graph\">{\"@context\":\"https:\/\/schema.org\",\"@graph\":[{\"@type\":\"WebPage\",\"@id\":\"https:\/\/www.razor-labs.com\/es\/programar-una-demostracion\/\",\"url\":\"https:\/\/www.razor-labs.com\/es\/programar-una-demostracion\/\",\"name\":\"Programar una demostraci\u00f3n - Razor Labs\",\"isPartOf\":{\"@id\":\"https:\/\/www.razor-labs.com\/es\/#website\"},\"primaryImageOfPage\":{\"@id\":\"https:\/\/www.razor-labs.com\/es\/programar-una-demostracion\/#primaryimage\"},\"image\":{\"@id\":\"https:\/\/www.razor-labs.com\/es\/programar-una-demostracion\/#primaryimage\"},\"thumbnailUrl\":\"https:\/\/www.razor-labs.com\/wp-content\/uploads\/2021\/06\/logo.png\",\"datePublished\":\"2023-08-02T05:25:53+00:00\",\"dateModified\":\"2025-11-19T08:31:22+00:00\",\"breadcrumb\":{\"@id\":\"https:\/\/www.razor-labs.com\/es\/programar-una-demostracion\/#breadcrumb\"},\"inLanguage\":\"es\",\"potentialAction\":[{\"@type\":\"ReadAction\",\"target\":[\"https:\/\/www.razor-labs.com\/es\/programar-una-demostracion\/\"]}]},{\"@type\":\"ImageObject\",\"inLanguage\":\"es\",\"@id\":\"https:\/\/www.razor-labs.com\/es\/programar-una-demostracion\/#primaryimage\",\"url\":\"https:\/\/www.razor-labs.com\/wp-content\/uploads\/2021\/06\/logo.png\",\"contentUrl\":\"https:\/\/www.razor-labs.com\/wp-content\/uploads\/2021\/06\/logo.png\"},{\"@type\":\"BreadcrumbList\",\"@id\":\"https:\/\/www.razor-labs.com\/es\/programar-una-demostracion\/#breadcrumb\",\"itemListElement\":[{\"@type\":\"ListItem\",\"position\":1,\"name\":\"Home\",\"item\":\"https:\/\/www.razor-labs.com\/es\/\"},{\"@type\":\"ListItem\",\"position\":2,\"name\":\"Programar una demostraci\u00f3n\"}]},{\"@type\":\"WebSite\",\"@id\":\"https:\/\/www.razor-labs.com\/es\/#website\",\"url\":\"https:\/\/www.razor-labs.com\/es\/\",\"name\":\"Razor Labs\",\"description\":\"Making Machines Smarter\",\"publisher\":{\"@id\":\"https:\/\/www.razor-labs.com\/es\/#organization\"},\"potentialAction\":[{\"@type\":\"SearchAction\",\"target\":{\"@type\":\"EntryPoint\",\"urlTemplate\":\"https:\/\/www.razor-labs.com\/es\/?s={search_term_string}\"},\"query-input\":{\"@type\":\"PropertyValueSpecification\",\"valueRequired\":true,\"valueName\":\"search_term_string\"}}],\"inLanguage\":\"es\"},{\"@type\":\"Organization\",\"@id\":\"https:\/\/www.razor-labs.com\/es\/#organization\",\"name\":\"Razor Labs\",\"url\":\"https:\/\/www.razor-labs.com\/es\/\",\"logo\":{\"@type\":\"ImageObject\",\"inLanguage\":\"es\",\"@id\":\"https:\/\/www.razor-labs.com\/es\/#\/schema\/logo\/image\/\",\"url\":\"https:\/\/www.razor-labs.com\/wp-content\/uploads\/2021\/12\/RL-Logo@0.12x.png\",\"contentUrl\":\"https:\/\/www.razor-labs.com\/wp-content\/uploads\/2021\/12\/RL-Logo@0.12x.png\",\"width\":612,\"height\":208,\"caption\":\"Razor Labs\"},\"image\":{\"@id\":\"https:\/\/www.razor-labs.com\/es\/#\/schema\/logo\/image\/\"},\"sameAs\":[\"https:\/\/www.facebook.com\/RazorLabsTeam\",\"https:\/\/www.linkedin.com\/company\/razor-technologies-inc\"]}]}<\/script>\n<!-- \/ Yoast SEO plugin. -->","yoast_head_json":{"title":"Programar una demostraci\u00f3n - Razor Labs","robots":{"index":"index","follow":"follow","max-snippet":"max-snippet:-1","max-image-preview":"max-image-preview:large","max-video-preview":"max-video-preview:-1"},"canonical":"https:\/\/www.razor-labs.com\/es\/programar-una-demostracion\/","og_locale":"es_ES","og_type":"article","og_title":"Programar una demostraci\u00f3n - Razor Labs","og_description":"Ver en acci\u00f3n Programar una demostraci\u00f3n","og_url":"https:\/\/www.razor-labs.com\/es\/programar-una-demostracion\/","og_site_name":"Razor Labs","article_publisher":"https:\/\/www.facebook.com\/RazorLabsTeam","article_modified_time":"2025-11-19T08:31:22+00:00","og_image":[{"url":"https:\/\/www.razor-labs.com\/wp-content\/uploads\/2021\/06\/logo.png","type":"","width":"","height":""}],"twitter_card":"summary_large_image","twitter_misc":{"Tiempo de lectura":"1 minuto"},"schema":{"@context":"https:\/\/schema.org","@graph":[{"@type":"WebPage","@id":"https:\/\/www.razor-labs.com\/es\/programar-una-demostracion\/","url":"https:\/\/www.razor-labs.com\/es\/programar-una-demostracion\/","name":"Programar una demostraci\u00f3n - Razor Labs","isPartOf":{"@id":"https:\/\/www.razor-labs.com\/es\/#website"},"primaryImageOfPage":{"@id":"https:\/\/www.razor-labs.com\/es\/programar-una-demostracion\/#primaryimage"},"image":{"@id":"https:\/\/www.razor-labs.com\/es\/programar-una-demostracion\/#primaryimage"},"thumbnailUrl":"https:\/\/www.razor-labs.com\/wp-content\/uploads\/2021\/06\/logo.png","datePublished":"2023-08-02T05:25:53+00:00","dateModified":"2025-11-19T08:31:22+00:00","breadcrumb":{"@id":"https:\/\/www.razor-labs.com\/es\/programar-una-demostracion\/#breadcrumb"},"inLanguage":"es","potentialAction":[{"@type":"ReadAction","target":["https:\/\/www.razor-labs.com\/es\/programar-una-demostracion\/"]}]},{"@type":"ImageObject","inLanguage":"es","@id":"https:\/\/www.razor-labs.com\/es\/programar-una-demostracion\/#primaryimage","url":"https:\/\/www.razor-labs.com\/wp-content\/uploads\/2021\/06\/logo.png","contentUrl":"https:\/\/www.razor-labs.com\/wp-content\/uploads\/2021\/06\/logo.png"},{"@type":"BreadcrumbList","@id":"https:\/\/www.razor-labs.com\/es\/programar-una-demostracion\/#breadcrumb","itemListElement":[{"@type":"ListItem","position":1,"name":"Home","item":"https:\/\/www.razor-labs.com\/es\/"},{"@type":"ListItem","position":2,"name":"Programar una demostraci\u00f3n"}]},{"@type":"WebSite","@id":"https:\/\/www.razor-labs.com\/es\/#website","url":"https:\/\/www.razor-labs.com\/es\/","name":"Razor Labs","description":"Making Machines Smarter","publisher":{"@id":"https:\/\/www.razor-labs.com\/es\/#organization"},"potentialAction":[{"@type":"SearchAction","target":{"@type":"EntryPoint","urlTemplate":"https:\/\/www.razor-labs.com\/es\/?s={search_term_string}"},"query-input":{"@type":"PropertyValueSpecification","valueRequired":true,"valueName":"search_term_string"}}],"inLanguage":"es"},{"@type":"Organization","@id":"https:\/\/www.razor-labs.com\/es\/#organization","name":"Razor Labs","url":"https:\/\/www.razor-labs.com\/es\/","logo":{"@type":"ImageObject","inLanguage":"es","@id":"https:\/\/www.razor-labs.com\/es\/#\/schema\/logo\/image\/","url":"https:\/\/www.razor-labs.com\/wp-content\/uploads\/2021\/12\/RL-Logo@0.12x.png","contentUrl":"https:\/\/www.razor-labs.com\/wp-content\/uploads\/2021\/12\/RL-Logo@0.12x.png","width":612,"height":208,"caption":"Razor Labs"},"image":{"@id":"https:\/\/www.razor-labs.com\/es\/#\/schema\/logo\/image\/"},"sameAs":["https:\/\/www.facebook.com\/RazorLabsTeam","https:\/\/www.linkedin.com\/company\/razor-technologies-inc"]}]}},"_links":{"self":[{"href":"https:\/\/www.razor-labs.com\/es\/wp-json\/wp\/v2\/pages\/14622","targetHints":{"allow":["GET"]}}],"collection":[{"href":"https:\/\/www.razor-labs.com\/es\/wp-json\/wp\/v2\/pages"}],"about":[{"href":"https:\/\/www.razor-labs.com\/es\/wp-json\/wp\/v2\/types\/page"}],"author":[{"embeddable":true,"href":"https:\/\/www.razor-labs.com\/es\/wp-json\/wp\/v2\/users\/1"}],"replies":[{"embeddable":true,"href":"https:\/\/www.razor-labs.com\/es\/wp-json\/wp\/v2\/comments?post=14622"}],"version-history":[{"count":21,"href":"https:\/\/www.razor-labs.com\/es\/wp-json\/wp\/v2\/pages\/14622\/revisions"}],"predecessor-version":[{"id":15935,"href":"https:\/\/www.razor-labs.com\/es\/wp-json\/wp\/v2\/pages\/14622\/revisions\/15935"}],"wp:attachment":[{"href":"https:\/\/www.razor-labs.com\/es\/wp-json\/wp\/v2\/media?parent=14622"}],"curies":[{"name":"wp","href":"https:\/\/api.w.org\/{rel}","templated":true}]}}