{"id":17606,"date":"2026-03-18T19:08:48","date_gmt":"2026-03-18T17:08:48","guid":{"rendered":"https:\/\/www.razor-labs.com\/reservar-una-demo\/"},"modified":"2026-03-19T00:23:08","modified_gmt":"2026-03-18T22:23:08","slug":"demo","status":"publish","type":"page","link":"https:\/\/www.razor-labs.com\/es\/demo\/","title":{"rendered":"Reservar una Demo"},"content":{"rendered":"\t\t<div data-elementor-type=\"wp-page\" data-elementor-id=\"17606\" class=\"elementor elementor-17606 elementor-17490\" data-elementor-post-type=\"page\">\n\t\t\t\t<div class=\"elementor-element elementor-element-4ac670b popup_contact e-flex e-con-boxed e-con e-parent\" data-id=\"4ac670b\" data-element_type=\"container\" data-e-type=\"container\" data-settings=\"{&quot;background_background&quot;:&quot;video&quot;,&quot;background_video_link&quot;:&quot;https:\\\/\\\/www.razor-labs.com\\\/wp-content\\\/uploads\\\/2021\\\/10\\\/beam.mp4&quot;,&quot;background_play_on_mobile&quot;:&quot;yes&quot;,&quot;jet_parallax_layout_list&quot;:[],&quot;background_video_end&quot;:4}\">\n\t\t\t\t\t<div class=\"e-con-inner\">\n\t\t<div class=\"elementor-background-video-container\">\n\t\t\t\t\t\t\t<video class=\"elementor-background-video-hosted\" role=\"presentation\" autoplay muted playsinline loop><\/video>\n\t\t\t\t\t<\/div><div class=\"elementor-element elementor-element-9a5fec5 e-con-full e-flex e-con e-child\" data-id=\"9a5fec5\" data-element_type=\"container\" data-e-type=\"container\" data-settings=\"{&quot;jet_parallax_layout_list&quot;:[]}\">\n\t\t<div class=\"elementor-element elementor-element-cae6e2f e-con-full e-flex e-con e-child\" data-id=\"cae6e2f\" data-element_type=\"container\" data-e-type=\"container\" data-settings=\"{&quot;jet_parallax_layout_list&quot;:[]}\">\n\t\t<div class=\"elementor-element elementor-element-5bfb015 e-con-full e-flex e-con e-child\" data-id=\"5bfb015\" data-element_type=\"container\" data-e-type=\"container\" data-settings=\"{&quot;jet_parallax_layout_list&quot;:[]}\">\n\t\t\t\t<div class=\"elementor-element elementor-element-c9a6636 elementor-widget__width-auto elementor-widget elementor-widget-heading\" data-id=\"c9a6636\" data-element_type=\"widget\" data-e-type=\"widget\" data-widget_type=\"heading.default\">\n\t\t\t\t<div class=\"elementor-widget-container\">\n\t\t\t\t\t<div class=\"elementor-heading-title elementor-size-default\">Ver<\/div>\t\t\t\t<\/div>\n\t\t\t\t<\/div>\n\t\t\t\t<div class=\"elementor-element elementor-element-89e714a elementor-widget__width-auto elementor-widget elementor-widget-image\" data-id=\"89e714a\" data-element_type=\"widget\" data-e-type=\"widget\" data-widget_type=\"image.default\">\n\t\t\t\t<div class=\"elementor-widget-container\">\n\t\t\t\t\t\t\t\t\t\t\t\t\t\t\t<img decoding=\"async\" width=\"212\" height=\"38\" src=\"https:\/\/www.razor-labs.com\/wp-content\/uploads\/2021\/06\/logo.png\" class=\"attachment-large size-large wp-image-13075\" alt=\"\" \/>\t\t\t\t\t\t\t\t\t\t\t\t\t\t\t<\/div>\n\t\t\t\t<\/div>\n\t\t\t\t<div class=\"elementor-element elementor-element-2456213 elementor-widget__width-auto elementor-widget elementor-widget-heading\" data-id=\"2456213\" data-element_type=\"widget\" data-e-type=\"widget\" data-widget_type=\"heading.default\">\n\t\t\t\t<div class=\"elementor-widget-container\">\n\t\t\t\t\t<div class=\"elementor-heading-title elementor-size-default\">en acci\u00f3n<\/div>\t\t\t\t<\/div>\n\t\t\t\t<\/div>\n\t\t\t\t<\/div>\n\t\t\t\t<\/div>\n\t\t\t\t<\/div>\n\t\t<div class=\"elementor-element elementor-element-562d6b7 e-con-full e-flex e-con e-child\" data-id=\"562d6b7\" data-element_type=\"container\" data-e-type=\"container\" data-settings=\"{&quot;jet_parallax_layout_list&quot;:[]}\">\n\t\t\t\t<div class=\"elementor-element elementor-element-2e4259e elementor-widget elementor-widget-heading\" data-id=\"2e4259e\" data-element_type=\"widget\" data-e-type=\"widget\" data-widget_type=\"heading.default\">\n\t\t\t\t<div class=\"elementor-widget-container\">\n\t\t\t\t\t<div class=\"elementor-heading-title elementor-size-default\">Programar una demostraci\u00f3n<\/div>\t\t\t\t<\/div>\n\t\t\t\t<\/div>\n\t\t\t\t<div class=\"elementor-element elementor-element-ac1f101 elementor-button-align-end elementor-widget elementor-widget-form\" data-id=\"ac1f101\" data-element_type=\"widget\" data-e-type=\"widget\" data-settings=\"{&quot;step_next_label&quot;:&quot;Siguiente&quot;,&quot;step_previous_label&quot;:&quot;Anterior&quot;,&quot;button_width&quot;:&quot;100&quot;,&quot;step_type&quot;:&quot;number_text&quot;,&quot;step_icon_shape&quot;:&quot;circle&quot;}\" data-widget_type=\"form.default\">\n\t\t\t\t<div class=\"elementor-widget-container\">\n\t\t\t\t\t\t\t<form class=\"elementor-form\" method=\"post\" name=\"Formulario de solicitud de demo\" aria-label=\"Formulario de solicitud de demo\">\n\t\t\t<input type=\"hidden\" name=\"post_id\" value=\"17606\"\/>\n\t\t\t<input type=\"hidden\" name=\"form_id\" value=\"ac1f101\"\/>\n\t\t\t<input type=\"hidden\" name=\"referer_title\" value=\"Reservar una Demo - Razor Labs\" \/>\n\n\t\t\t\t\t\t\t<input type=\"hidden\" name=\"queried_id\" value=\"17606\"\/>\n\t\t\t\n\t\t\t<div class=\"elementor-form-fields-wrapper elementor-labels-above\">\n\t\t\t\t\t\t\t\t<div class=\"elementor-field-type-text elementor-field-group elementor-column elementor-field-group-first_name elementor-col-50 elementor-field-required\">\n\t\t\t\t\t\t\t\t\t\t\t\t<label for=\"form-field-first_name\" class=\"elementor-field-label\">\n\t\t\t\t\t\t\t\tNombre\t\t\t\t\t\t\t<\/label>\n\t\t\t\t\t\t\t\t\t\t\t\t\t\t<input size=\"1\" type=\"text\" name=\"form_fields[first_name]\" id=\"form-field-first_name\" class=\"elementor-field elementor-size-sm  elementor-field-textual\" placeholder=\"Nombre*\" required=\"required\">\n\t\t\t\t\t\t\t\t\t\t\t<\/div>\n\t\t\t\t\t\t\t\t<div class=\"elementor-field-type-text elementor-field-group elementor-column elementor-field-group-last_name elementor-col-50 elementor-field-required\">\n\t\t\t\t\t\t\t\t\t\t\t\t<label for=\"form-field-last_name\" class=\"elementor-field-label\">\n\t\t\t\t\t\t\t\tApellidos\t\t\t\t\t\t\t<\/label>\n\t\t\t\t\t\t\t\t\t\t\t\t\t\t<input size=\"1\" type=\"text\" name=\"form_fields[last_name]\" id=\"form-field-last_name\" class=\"elementor-field elementor-size-sm  elementor-field-textual\" placeholder=\"Apellidos*\" required=\"required\">\n\t\t\t\t\t\t\t\t\t\t\t<\/div>\n\t\t\t\t\t\t\t\t<div class=\"elementor-field-type-text elementor-field-group elementor-column elementor-field-group-position elementor-col-50 elementor-field-required\">\n\t\t\t\t\t\t\t\t\t\t\t\t<label for=\"form-field-position\" class=\"elementor-field-label\">\n\t\t\t\t\t\t\t\tCargo\t\t\t\t\t\t\t<\/label>\n\t\t\t\t\t\t\t\t\t\t\t\t\t\t<input size=\"1\" type=\"text\" name=\"form_fields[position]\" id=\"form-field-position\" class=\"elementor-field elementor-size-sm  elementor-field-textual\" placeholder=\"Cargo*\" required=\"required\">\n\t\t\t\t\t\t\t\t\t\t\t<\/div>\n\t\t\t\t\t\t\t\t<div class=\"elementor-field-type-email elementor-field-group elementor-column elementor-field-group-email elementor-col-50\">\n\t\t\t\t\t\t\t\t\t\t\t\t<label for=\"form-field-email\" class=\"elementor-field-label\">\n\t\t\t\t\t\t\t\tEmail de empresa \t\t\t\t\t\t\t<\/label>\n\t\t\t\t\t\t\t\t\t\t\t\t\t\t<input size=\"1\" type=\"email\" name=\"form_fields[email]\" id=\"form-field-email\" class=\"elementor-field elementor-size-sm  elementor-field-textual\" placeholder=\"Correo electr\u00f3nico profesional*\">\n\t\t\t\t\t\t\t\t\t\t\t<\/div>\n\t\t\t\t\t\t\t\t<div class=\"elementor-field-type-tel elementor-field-group elementor-column elementor-field-group-phone elementor-col-50 elementor-field-required\">\n\t\t\t\t\t\t\t\t\t\t\t\t<label for=\"form-field-phone\" class=\"elementor-field-label\">\n\t\t\t\t\t\t\t\tN\u00famero de tel\u00e9fono \t\t\t\t\t\t\t<\/label>\n\t\t\t\t\t\t\t\t<input size=\"1\" type=\"tel\" name=\"form_fields[phone]\" id=\"form-field-phone\" class=\"elementor-field elementor-size-sm  elementor-field-textual\" placeholder=\"N\u00famero de tel\u00e9fono*\" required=\"required\" pattern=\"[0-9()#&amp;+*-=.]+\" title=\"Solo se aceptan n\u00fameros y caracteres de tel\u00e9fono (#,-,*,etc).\">\n\n\t\t\t\t\t\t<\/div>\n\t\t\t\t\t\t\t\t<div class=\"elementor-field-type-text elementor-field-group elementor-column elementor-field-group-company elementor-col-50 elementor-field-required\">\n\t\t\t\t\t\t\t\t\t\t\t\t<label for=\"form-field-company\" class=\"elementor-field-label\">\n\t\t\t\t\t\t\t\tEmpresa\t\t\t\t\t\t\t<\/label>\n\t\t\t\t\t\t\t\t\t\t\t\t\t\t<input size=\"1\" type=\"text\" name=\"form_fields[company]\" id=\"form-field-company\" class=\"elementor-field elementor-size-sm  elementor-field-textual\" placeholder=\"Empresa*\" required=\"required\">\n\t\t\t\t\t\t\t\t\t\t\t<\/div>\n\t\t\t\t\t\t\t\t<div class=\"elementor-field-type-checkbox elementor-field-group elementor-column elementor-field-group-interest elementor-col-100\">\n\t\t\t\t\t\t\t\t\t\t\t\t<label for=\"form-field-interest\" class=\"elementor-field-label\">\n\t\t\t\t\t\t\t\tInter\u00e9s\t\t\t\t\t\t\t<\/label>\n\t\t\t\t\t\t<div class=\"elementor-field-subgroup  \"><span class=\"elementor-field-option\"><input type=\"checkbox\" value=\"Flota m\u00f3vil \" id=\"form-field-interest-0\" name=\"form_fields[interest][]\"> <label for=\"form-field-interest-0\">Flota m\u00f3vil <\/label><\/span><span class=\"elementor-field-option\"><input type=\"checkbox\" value=\"Activos fijos \" id=\"form-field-interest-1\" name=\"form_fields[interest][]\"> <label for=\"form-field-interest-1\">Activos fijos <\/label><\/span><span class=\"elementor-field-option\"><input type=\"checkbox\" value=\"IA visual \" id=\"form-field-interest-2\" name=\"form_fields[interest][]\"> <label for=\"form-field-interest-2\">IA visual <\/label><\/span><span class=\"elementor-field-option\"><input type=\"checkbox\" value=\"A\u00fan no lo s\u00e9\" id=\"form-field-interest-3\" name=\"form_fields[interest][]\"> <label for=\"form-field-interest-3\">A\u00fan no lo s\u00e9<\/label><\/span><\/div>\t\t\t\t<\/div>\n\t\t\t\t\t\t\t\t<div class=\"elementor-field-type-text elementor-field-group elementor-column elementor-field-group-comments elementor-col-100\">\n\t\t\t\t\t\t\t\t\t\t\t\t<label for=\"form-field-comments\" class=\"elementor-field-label\">\n\t\t\t\t\t\t\t\tComentarios\t\t\t\t\t\t\t<\/label>\n\t\t\t\t\t\t\t\t\t\t\t\t\t\t<input size=\"1\" type=\"text\" name=\"form_fields[comments]\" id=\"form-field-comments\" class=\"elementor-field elementor-size-sm  elementor-field-textual\" placeholder=\"Comentarios\">\n\t\t\t\t\t\t\t\t\t\t\t<\/div>\n\t\t\t\t\t\t\t\t<div class=\"elementor-field-type-acceptance elementor-field-group elementor-column elementor-field-group-field_d71d9ec elementor-col-100 elementor-field-required\">\n\t\t\t\t\t\t\t\t\t\t\t\t<label for=\"form-field-field_d71d9ec\" class=\"elementor-field-label\">\n\t\t\t\t\t\t\t\tConsentimiento\t\t\t\t\t\t\t<\/label>\n\t\t\t\t\t\t\t\t<div class=\"elementor-field-subgroup\">\n\t\t\t<span class=\"elementor-field-option\">\n\t\t\t\t<input type=\"checkbox\" name=\"form_fields[field_d71d9ec]\" id=\"form-field-field_d71d9ec\" class=\"elementor-field elementor-size-sm  elementor-acceptance-field\" required=\"required\">\n\t\t\t\t<label for=\"form-field-field_d71d9ec\">Doy mi consentimiento para el uso de mis datos personales de acuerdo con la Pol\u00edtica de privacidad de Razor Labs. Puede cancelar la suscripci\u00f3n a los correos electr\u00f3nicos en cualquier momento. <\/label>\t\t\t<\/span>\n\t\t<\/div>\n\t\t\t\t\t\t<\/div>\n\t\t\t\t\t\t\t\t<div class=\"elementor-field-type-text\">\n\t\t\t\t\t<input size=\"1\" type=\"text\" name=\"form_fields[field_7095447]\" id=\"form-field-field_7095447\" class=\"elementor-field elementor-size-sm \" style=\"display:none !important;\">\t\t\t\t<\/div>\n\t\t\t\t\t\t\t\t<div class=\"elementor-field-type-recaptcha_v3 elementor-field-group elementor-column elementor-field-group-field_6380092 elementor-col-100 recaptcha_v3-bottomleft\">\n\t\t\t\t\t<div class=\"elementor-field\" id=\"form-field-field_6380092\"><div class=\"elementor-g-recaptcha\" data-sitekey=\"6LfuzuwlAAAAAHIvWDn8gNEMCjE1wRyqSFp6mqRe\" data-type=\"v3\" data-action=\"Form\" data-badge=\"bottomleft\" data-size=\"invisible\"><\/div><\/div>\t\t\t\t<\/div>\n\t\t\t\t\t\t\t\t<div class=\"elementor-field-group elementor-column elementor-field-type-submit elementor-col-100 e-form__buttons\">\n\t\t\t\t\t<button class=\"elementor-button elementor-size-sm\" type=\"submit\">\n\t\t\t\t\t\t<span class=\"elementor-button-content-wrapper\">\n\t\t\t\t\t\t\t\t\t\t\t\t\t\t\t\t\t\t\t\t\t\t<span class=\"elementor-button-text\">ENVIAR \u2192<\/span>\n\t\t\t\t\t\t\t\t\t\t\t\t\t<\/span>\n\t\t\t\t\t<\/button>\n\t\t\t\t<\/div>\n\t\t\t<\/div>\n\t\t<\/form>\n\t\t\t\t\t\t<\/div>\n\t\t\t\t<\/div>\n\t\t\t\t<div class=\"elementor-element elementor-element-989c5cb elementor-widget elementor-widget-html\" data-id=\"989c5cb\" data-element_type=\"widget\" data-e-type=\"widget\" data-widget_type=\"html.default\">\n\t\t\t\t<div class=\"elementor-widget-container\">\n\t\t\t\t\t<script>var storedEmail = localStorage.getItem('user_business_email');\n\n    if (storedEmail) {\n        var emailInput = document.querySelector('#form-field-email');\n        if (emailInput) {\n            emailInput.value = storedEmail;\n            localStorage.removeItem('user_business_email');\n        }\n    }\n\n<\/script>\t\t\t\t<\/div>\n\t\t\t\t<\/div>\n\t\t\t\t<\/div>\n\t\t\t\t\t<\/div>\n\t\t\t\t<\/div>\n\t\t\t\t<\/div>\n\t\t","protected":false},"excerpt":{"rendered":"<p>Ver en acci\u00f3n Programar una demostraci\u00f3n<\/p>\n","protected":false},"author":12,"featured_media":0,"parent":0,"menu_order":0,"comment_status":"closed","ping_status":"closed","template":"","meta":{"_acf_changed":false,"footnotes":""},"class_list":["post-17606","page","type-page","status-publish","hentry"],"acf":[],"yoast_head":"<!-- This site is optimized with the Yoast SEO plugin v27.5 - https:\/\/yoast.com\/product\/yoast-seo-wordpress\/ -->\n<title>Reservar una Demo - Razor Labs<\/title>\n<meta name=\"robots\" content=\"index, follow, max-snippet:-1, max-image-preview:large, max-video-preview:-1\" \/>\n<link rel=\"canonical\" href=\"https:\/\/www.razor-labs.com\/es\/demo\/\" \/>\n<meta property=\"og:locale\" content=\"es_ES\" \/>\n<meta property=\"og:type\" content=\"article\" \/>\n<meta property=\"og:title\" content=\"Reservar una Demo - Razor Labs\" \/>\n<meta property=\"og:description\" content=\"Ver en acci\u00f3n Programar una demostraci\u00f3n\" \/>\n<meta property=\"og:url\" content=\"https:\/\/www.razor-labs.com\/es\/demo\/\" \/>\n<meta property=\"og:site_name\" content=\"Razor Labs\" \/>\n<meta property=\"article:publisher\" content=\"https:\/\/www.facebook.com\/RazorLabsTeam\" \/>\n<meta property=\"article:modified_time\" content=\"2026-03-18T22:23:08+00:00\" \/>\n<meta property=\"og:image\" content=\"https:\/\/www.razor-labs.com\/wp-content\/uploads\/2021\/06\/logo.png\" \/>\n<meta name=\"twitter:card\" content=\"summary_large_image\" \/>\n<meta name=\"twitter:label1\" content=\"Tiempo de lectura\" \/>\n\t<meta name=\"twitter:data1\" content=\"1 minuto\" \/>\n<script type=\"application\/ld+json\" class=\"yoast-schema-graph\">{\"@context\":\"https:\\\/\\\/schema.org\",\"@graph\":[{\"@type\":\"WebPage\",\"@id\":\"https:\\\/\\\/www.razor-labs.com\\\/es\\\/demo\\\/\",\"url\":\"https:\\\/\\\/www.razor-labs.com\\\/es\\\/demo\\\/\",\"name\":\"Reservar una Demo - Razor Labs\",\"isPartOf\":{\"@id\":\"https:\\\/\\\/www.razor-labs.com\\\/es\\\/#website\"},\"primaryImageOfPage\":{\"@id\":\"https:\\\/\\\/www.razor-labs.com\\\/es\\\/demo\\\/#primaryimage\"},\"image\":{\"@id\":\"https:\\\/\\\/www.razor-labs.com\\\/es\\\/demo\\\/#primaryimage\"},\"thumbnailUrl\":\"https:\\\/\\\/www.razor-labs.com\\\/wp-content\\\/uploads\\\/2021\\\/06\\\/logo.png\",\"datePublished\":\"2026-03-18T17:08:48+00:00\",\"dateModified\":\"2026-03-18T22:23:08+00:00\",\"breadcrumb\":{\"@id\":\"https:\\\/\\\/www.razor-labs.com\\\/es\\\/demo\\\/#breadcrumb\"},\"inLanguage\":\"es\",\"potentialAction\":[{\"@type\":\"ReadAction\",\"target\":[\"https:\\\/\\\/www.razor-labs.com\\\/es\\\/demo\\\/\"]}]},{\"@type\":\"ImageObject\",\"inLanguage\":\"es\",\"@id\":\"https:\\\/\\\/www.razor-labs.com\\\/es\\\/demo\\\/#primaryimage\",\"url\":\"https:\\\/\\\/www.razor-labs.com\\\/wp-content\\\/uploads\\\/2021\\\/06\\\/logo.png\",\"contentUrl\":\"https:\\\/\\\/www.razor-labs.com\\\/wp-content\\\/uploads\\\/2021\\\/06\\\/logo.png\"},{\"@type\":\"BreadcrumbList\",\"@id\":\"https:\\\/\\\/www.razor-labs.com\\\/es\\\/demo\\\/#breadcrumb\",\"itemListElement\":[{\"@type\":\"ListItem\",\"position\":1,\"name\":\"Home\",\"item\":\"https:\\\/\\\/www.razor-labs.com\\\/es\\\/\"},{\"@type\":\"ListItem\",\"position\":2,\"name\":\"Reservar una Demo\"}]},{\"@type\":\"WebSite\",\"@id\":\"https:\\\/\\\/www.razor-labs.com\\\/es\\\/#website\",\"url\":\"https:\\\/\\\/www.razor-labs.com\\\/es\\\/\",\"name\":\"Razor Labs\",\"description\":\"Making Machines Smarter\",\"publisher\":{\"@id\":\"https:\\\/\\\/www.razor-labs.com\\\/es\\\/#organization\"},\"potentialAction\":[{\"@type\":\"SearchAction\",\"target\":{\"@type\":\"EntryPoint\",\"urlTemplate\":\"https:\\\/\\\/www.razor-labs.com\\\/es\\\/?s={search_term_string}\"},\"query-input\":{\"@type\":\"PropertyValueSpecification\",\"valueRequired\":true,\"valueName\":\"search_term_string\"}}],\"inLanguage\":\"es\"},{\"@type\":\"Organization\",\"@id\":\"https:\\\/\\\/www.razor-labs.com\\\/es\\\/#organization\",\"name\":\"Razor Labs\",\"url\":\"https:\\\/\\\/www.razor-labs.com\\\/es\\\/\",\"logo\":{\"@type\":\"ImageObject\",\"inLanguage\":\"es\",\"@id\":\"https:\\\/\\\/www.razor-labs.com\\\/es\\\/#\\\/schema\\\/logo\\\/image\\\/\",\"url\":\"https:\\\/\\\/www.razor-labs.com\\\/wp-content\\\/uploads\\\/2021\\\/12\\\/RL-Logo@0.12x.png\",\"contentUrl\":\"https:\\\/\\\/www.razor-labs.com\\\/wp-content\\\/uploads\\\/2021\\\/12\\\/RL-Logo@0.12x.png\",\"width\":612,\"height\":208,\"caption\":\"Razor Labs\"},\"image\":{\"@id\":\"https:\\\/\\\/www.razor-labs.com\\\/es\\\/#\\\/schema\\\/logo\\\/image\\\/\"},\"sameAs\":[\"https:\\\/\\\/www.facebook.com\\\/RazorLabsTeam\",\"https:\\\/\\\/www.linkedin.com\\\/company\\\/razor-technologies-inc\"]}]}<\/script>\n<!-- \/ Yoast SEO plugin. -->","yoast_head_json":{"title":"Reservar una Demo - Razor Labs","robots":{"index":"index","follow":"follow","max-snippet":"max-snippet:-1","max-image-preview":"max-image-preview:large","max-video-preview":"max-video-preview:-1"},"canonical":"https:\/\/www.razor-labs.com\/es\/demo\/","og_locale":"es_ES","og_type":"article","og_title":"Reservar una Demo - Razor Labs","og_description":"Ver en acci\u00f3n Programar una demostraci\u00f3n","og_url":"https:\/\/www.razor-labs.com\/es\/demo\/","og_site_name":"Razor Labs","article_publisher":"https:\/\/www.facebook.com\/RazorLabsTeam","article_modified_time":"2026-03-18T22:23:08+00:00","og_image":[{"url":"https:\/\/www.razor-labs.com\/wp-content\/uploads\/2021\/06\/logo.png","type":"","width":"","height":""}],"twitter_card":"summary_large_image","twitter_misc":{"Tiempo de lectura":"1 minuto"},"schema":{"@context":"https:\/\/schema.org","@graph":[{"@type":"WebPage","@id":"https:\/\/www.razor-labs.com\/es\/demo\/","url":"https:\/\/www.razor-labs.com\/es\/demo\/","name":"Reservar una Demo - Razor Labs","isPartOf":{"@id":"https:\/\/www.razor-labs.com\/es\/#website"},"primaryImageOfPage":{"@id":"https:\/\/www.razor-labs.com\/es\/demo\/#primaryimage"},"image":{"@id":"https:\/\/www.razor-labs.com\/es\/demo\/#primaryimage"},"thumbnailUrl":"https:\/\/www.razor-labs.com\/wp-content\/uploads\/2021\/06\/logo.png","datePublished":"2026-03-18T17:08:48+00:00","dateModified":"2026-03-18T22:23:08+00:00","breadcrumb":{"@id":"https:\/\/www.razor-labs.com\/es\/demo\/#breadcrumb"},"inLanguage":"es","potentialAction":[{"@type":"ReadAction","target":["https:\/\/www.razor-labs.com\/es\/demo\/"]}]},{"@type":"ImageObject","inLanguage":"es","@id":"https:\/\/www.razor-labs.com\/es\/demo\/#primaryimage","url":"https:\/\/www.razor-labs.com\/wp-content\/uploads\/2021\/06\/logo.png","contentUrl":"https:\/\/www.razor-labs.com\/wp-content\/uploads\/2021\/06\/logo.png"},{"@type":"BreadcrumbList","@id":"https:\/\/www.razor-labs.com\/es\/demo\/#breadcrumb","itemListElement":[{"@type":"ListItem","position":1,"name":"Home","item":"https:\/\/www.razor-labs.com\/es\/"},{"@type":"ListItem","position":2,"name":"Reservar una Demo"}]},{"@type":"WebSite","@id":"https:\/\/www.razor-labs.com\/es\/#website","url":"https:\/\/www.razor-labs.com\/es\/","name":"Razor Labs","description":"Making Machines Smarter","publisher":{"@id":"https:\/\/www.razor-labs.com\/es\/#organization"},"potentialAction":[{"@type":"SearchAction","target":{"@type":"EntryPoint","urlTemplate":"https:\/\/www.razor-labs.com\/es\/?s={search_term_string}"},"query-input":{"@type":"PropertyValueSpecification","valueRequired":true,"valueName":"search_term_string"}}],"inLanguage":"es"},{"@type":"Organization","@id":"https:\/\/www.razor-labs.com\/es\/#organization","name":"Razor Labs","url":"https:\/\/www.razor-labs.com\/es\/","logo":{"@type":"ImageObject","inLanguage":"es","@id":"https:\/\/www.razor-labs.com\/es\/#\/schema\/logo\/image\/","url":"https:\/\/www.razor-labs.com\/wp-content\/uploads\/2021\/12\/RL-Logo@0.12x.png","contentUrl":"https:\/\/www.razor-labs.com\/wp-content\/uploads\/2021\/12\/RL-Logo@0.12x.png","width":612,"height":208,"caption":"Razor Labs"},"image":{"@id":"https:\/\/www.razor-labs.com\/es\/#\/schema\/logo\/image\/"},"sameAs":["https:\/\/www.facebook.com\/RazorLabsTeam","https:\/\/www.linkedin.com\/company\/razor-technologies-inc"]}]}},"_links":{"self":[{"href":"https:\/\/www.razor-labs.com\/es\/wp-json\/wp\/v2\/pages\/17606","targetHints":{"allow":["GET"]}}],"collection":[{"href":"https:\/\/www.razor-labs.com\/es\/wp-json\/wp\/v2\/pages"}],"about":[{"href":"https:\/\/www.razor-labs.com\/es\/wp-json\/wp\/v2\/types\/page"}],"author":[{"embeddable":true,"href":"https:\/\/www.razor-labs.com\/es\/wp-json\/wp\/v2\/users\/12"}],"replies":[{"embeddable":true,"href":"https:\/\/www.razor-labs.com\/es\/wp-json\/wp\/v2\/comments?post=17606"}],"version-history":[{"count":5,"href":"https:\/\/www.razor-labs.com\/es\/wp-json\/wp\/v2\/pages\/17606\/revisions"}],"predecessor-version":[{"id":17633,"href":"https:\/\/www.razor-labs.com\/es\/wp-json\/wp\/v2\/pages\/17606\/revisions\/17633"}],"wp:attachment":[{"href":"https:\/\/www.razor-labs.com\/es\/wp-json\/wp\/v2\/media?parent=17606"}],"curies":[{"name":"wp","href":"https:\/\/api.w.org\/{rel}","templated":true}]}}